{"id":962,"date":"2025-02-26T08:50:12","date_gmt":"2025-02-26T08:50:12","guid":{"rendered":"https:\/\/vila-propuh.com\/?page_id=962"},"modified":"2025-03-06T10:25:41","modified_gmt":"2025-03-06T10:25:41","slug":"djecje-aktivnosti","status":"publish","type":"page","link":"https:\/\/vila-propuh.com\/en\/djecje-aktivnosti\/","title":{"rendered":"Children's activities"},"content":{"rendered":"<div data-elementor-type=\"wp-page\" data-elementor-id=\"962\" class=\"elementor elementor-962\" data-elementor-post-type=\"page\">\n\t\t\t\t<div class=\"elementor-element elementor-element-04b3438 e-flex e-con-boxed e-con e-parent\" data-id=\"04b3438\" data-element_type=\"container\" data-settings=\"{&quot;background_background&quot;:&quot;classic&quot;}\">\n\t\t\t\t\t<div class=\"e-con-inner\">\n\t\t\t\t<div class=\"elementor-element elementor-element-8cc1ff0 elementor-invisible elementor-widget elementor-widget-heading\" data-id=\"8cc1ff0\" data-element_type=\"widget\" data-settings=\"{&quot;_animation&quot;:&quot;fadeInUp&quot;}\" data-widget_type=\"heading.default\">\n\t\t\t\t<div class=\"elementor-widget-container\">\n\t\t\t\t\t<h2 class=\"elementor-heading-title elementor-size-default\">Children's activities<\/h2>\t\t\t\t<\/div>\n\t\t\t\t<\/div>\n\t\t\t\t\t<\/div>\n\t\t\t\t<\/div>\n\t\t<div class=\"elementor-element elementor-element-c8471e2 e-flex e-con-boxed e-con e-parent\" data-id=\"c8471e2\" data-element_type=\"container\" data-settings=\"{&quot;background_background&quot;:&quot;classic&quot;}\">\n\t\t\t\t\t<div class=\"e-con-inner\">\n\t\t<div class=\"elementor-element elementor-element-25e53a1 e-con-full e-flex e-con e-child\" data-id=\"25e53a1\" data-element_type=\"container\">\n\t\t\t\t<div class=\"elementor-element elementor-element-33e2950 elementor-invisible elementor-widget elementor-widget-heading\" data-id=\"33e2950\" data-element_type=\"widget\" data-settings=\"{&quot;_animation&quot;:&quot;fadeInLeft&quot;}\" data-widget_type=\"heading.default\">\n\t\t\t\t<div class=\"elementor-widget-container\">\n\t\t\t\t\t<h2 class=\"elementor-heading-title elementor-size-default\">Let's bring the game back to the children<\/h2>\t\t\t\t<\/div>\n\t\t\t\t<\/div>\n\t\t\t\t<div class=\"elementor-element elementor-element-ad695f1 elementor-widget__width-inherit elementor-widget-tablet__width-inherit elementor-invisible elementor-widget elementor-widget-text-editor\" data-id=\"ad695f1\" data-element_type=\"widget\" data-settings=\"{&quot;_animation&quot;:&quot;fadeInLeft&quot;}\" data-widget_type=\"text-editor.default\">\n\t\t\t\t<div class=\"elementor-widget-container\">\n\t\t\t\t\t\t\t\t\t<p class=\"cvGsUA direction-ltr align-start para-style-body\"><span class=\"OYPEnA font-feature-liga-off font-feature-clig-off font-feature-calt-off text-decoration-none text-strikethrough-none\">Let's put down our phones and invite children and young people to play!  There is no greater freedom than carefree running through the village, hiding behind stone walls and trees, far from traffic and crowds.<\/span><\/p><p class=\"cvGsUA direction-ltr align-start para-style-body\"><span class=\"OYPEnA font-feature-liga-off font-feature-clig-off font-feature-calt-off text-decoration-none text-strikethrough-none\">For those who love traditional games, ballots are always the right choice.  On the field, everyone is welcome \u2013 the old and the young, experienced players and beginners.  Gather your team and enjoy this time-tested competition!<\/span><\/p>\t\t\t\t\t\t\t\t<\/div>\n\t\t\t\t<\/div>\n\t\t\t\t<\/div>\n\t\t<div class=\"elementor-element elementor-element-74d35b4 e-con-full e-flex elementor-invisible e-con e-child\" data-id=\"74d35b4\" data-element_type=\"container\" data-settings=\"{&quot;animation&quot;:&quot;fadeInRight&quot;}\">\n\t\t\t\t<div class=\"elementor-element elementor-element-38cf87c elementor-widget elementor-widget-n-accordion\" data-id=\"38cf87c\" data-element_type=\"widget\" data-settings=\"{&quot;default_state&quot;:&quot;all_collapsed&quot;,&quot;max_items_expended&quot;:&quot;one&quot;,&quot;n_accordion_animation_duration&quot;:{&quot;unit&quot;:&quot;ms&quot;,&quot;size&quot;:400,&quot;sizes&quot;:[]}}\" data-widget_type=\"nested-accordion.default\">\n\t\t\t\t<div class=\"elementor-widget-container\">\n\t\t\t\t\t\t\t<div class=\"e-n-accordion\" aria-label=\"Accordion. Open links with Enter or Space, close with Escape, and navigate with Arrow Keys\">\n\t\t\t\t\t\t<details id=\"e-n-accordion-item-5950\" class=\"e-n-accordion-item\" >\n\t\t\t\t<summary class=\"e-n-accordion-item-title\" data-accordion-index=\"1\" tabindex=\"0\" aria-expanded=\"false\" aria-controls=\"e-n-accordion-item-5950\" >\n\t\t\t\t\t<span class='e-n-accordion-item-title-header'><div class=\"e-n-accordion-item-title-text\"> Children's playgrounds and sports fields <\/div><\/span>\n\t\t\t\t\t\t\t<span class='e-n-accordion-item-title-icon'>\n\t\t\t<span class='e-opened' ><i aria-hidden=\"true\" class=\"ti-angle-down\"><\/i><\/span>\n\t\t\t<span class='e-closed'><i aria-hidden=\"true\" class=\"ti-angle-right\"><\/i><\/span>\n\t\t<\/span>\n\n\t\t\t\t\t\t<\/summary>\n\t\t\t\t<div role=\"region\" aria-labelledby=\"e-n-accordion-item-5950\" class=\"elementor-element elementor-element-8dcda81 e-con-full e-flex e-con e-child\" data-id=\"8dcda81\" data-element_type=\"container\">\n\t\t<div role=\"region\" aria-labelledby=\"e-n-accordion-item-5950\" class=\"elementor-element elementor-element-5154442 e-con-full e-flex e-con e-child\" data-id=\"5154442\" data-element_type=\"container\" data-settings=\"{&quot;background_background&quot;:&quot;classic&quot;}\">\n\t\t\t\t<div class=\"elementor-element elementor-element-116a659 elementor-widget__width-inherit elementor-widget-tablet__width-inherit elementor-widget elementor-widget-text-editor\" data-id=\"116a659\" data-element_type=\"widget\" data-widget_type=\"text-editor.default\">\n\t\t\t\t<div class=\"elementor-widget-container\">\n\t\t\t\t\t\t\t\t\t<p class=\"cvGsUA direction-ltr align-start para-style-body\"><span class=\"OYPEnA font-feature-liga-off font-feature-clig-off font-feature-calt-off text-decoration-none text-strikethrough-none\">In the place of Dolac, at the shore where the road from Podgreben connects with the main road, there is a newly renovated children's playground with plenty of equipment for all ages.  Besides the playground, there are also:<\/span><\/p><p class=\"cvGsUA direction-ltr align-start para-style-body\"><span class=\"OYPEnA font-feature-liga-off font-feature-clig-off font-feature-calt-off text-decoration-none text-strikethrough-none\">Basketball and soccer field \u2013 perfect for sports activities and playing with friends.<\/span><\/p><p class=\"cvGsUA direction-ltr align-start para-style-body\"><span class=\"OYPEnA font-feature-liga-off font-feature-clig-off font-feature-calt-off text-decoration-none text-strikethrough-none\">Exercise equipment \u2013 ideal for adults who want to stay active while the kids enjoy playing.<\/span><\/p>\t\t\t\t\t\t\t\t<\/div>\n\t\t\t\t<\/div>\n\t\t\t\t<\/div>\n\t\t\t\t<\/div>\n\t\t\t\t\t<\/details>\n\t\t\t\t\t<\/div>\n\t\t\t\t\t\t<\/div>\n\t\t\t\t<\/div>\n\t\t\t\t<div class=\"elementor-element elementor-element-12b8f0a elementor-widget elementor-widget-n-accordion\" data-id=\"12b8f0a\" data-element_type=\"widget\" data-settings=\"{&quot;default_state&quot;:&quot;all_collapsed&quot;,&quot;max_items_expended&quot;:&quot;one&quot;,&quot;n_accordion_animation_duration&quot;:{&quot;unit&quot;:&quot;ms&quot;,&quot;size&quot;:400,&quot;sizes&quot;:[]}}\" data-widget_type=\"nested-accordion.default\">\n\t\t\t\t<div class=\"elementor-widget-container\">\n\t\t\t\t\t\t\t<div class=\"e-n-accordion\" aria-label=\"Accordion. Open links with Enter or Space, close with Escape, and navigate with Arrow Keys\">\n\t\t\t\t\t\t<details id=\"e-n-accordion-item-1960\" class=\"e-n-accordion-item\" >\n\t\t\t\t<summary class=\"e-n-accordion-item-title\" data-accordion-index=\"1\" tabindex=\"0\" aria-expanded=\"false\" aria-controls=\"e-n-accordion-item-1960\" >\n\t\t\t\t\t<span class='e-n-accordion-item-title-header'><div class=\"e-n-accordion-item-title-text\"> Beaches suitable for children and families <\/div><\/span>\n\t\t\t\t\t\t\t<span class='e-n-accordion-item-title-icon'>\n\t\t\t<span class='e-opened' ><i aria-hidden=\"true\" class=\"ti-angle-down\"><\/i><\/span>\n\t\t\t<span class='e-closed'><i aria-hidden=\"true\" class=\"ti-angle-right\"><\/i><\/span>\n\t\t<\/span>\n\n\t\t\t\t\t\t<\/summary>\n\t\t\t\t<div role=\"region\" aria-labelledby=\"e-n-accordion-item-1960\" class=\"elementor-element elementor-element-7c0b28f e-con-full e-flex e-con e-child\" data-id=\"7c0b28f\" data-element_type=\"container\">\n\t\t<div role=\"region\" aria-labelledby=\"e-n-accordion-item-1960\" class=\"elementor-element elementor-element-748fc03 e-con-full e-flex e-con e-child\" data-id=\"748fc03\" data-element_type=\"container\" data-settings=\"{&quot;background_background&quot;:&quot;classic&quot;}\">\n\t\t\t\t<div class=\"elementor-element elementor-element-5018e2b elementor-widget__width-inherit elementor-widget-tablet__width-inherit elementor-widget elementor-widget-text-editor\" data-id=\"5018e2b\" data-element_type=\"widget\" data-widget_type=\"text-editor.default\">\n\t\t\t\t<div class=\"elementor-widget-container\">\n\t\t\t\t\t\t\t\t\t<p class=\"cvGsUA direction-ltr align-start para-style-body\"><span class=\"OYPEnA font-feature-liga-off font-feature-clig-off font-feature-calt-off text-decoration-none text-strikethrough-none\">The beaches of Primo\u0161ten are a perfect choice for families with children and elderly people.  The turquoise sea, fine pebbles, and gentle entry into the water provide safe and pleasant swimming.<\/span><\/p><p class=\"cvGsUA direction-ltr align-start para-style-body\"><span class=\"OYPEnA font-feature-liga-off font-feature-clig-off font-feature-calt-off text-decoration-none text-strikethrough-none\">If you are looking for additional water activities, you can enjoy:<\/span><\/p><p class=\"cvGsUA direction-ltr align-start para-style-body\"><span class=\"OYPEnA font-feature-liga-off font-feature-clig-off font-feature-calt-off text-decoration-none text-strikethrough-none\">Floating water parks at several locations in Primo\u0161ten.<\/span><\/p><p class=\"cvGsUA direction-ltr align-start para-style-body\"><span class=\"OYPEnA font-feature-liga-off font-feature-clig-off font-feature-calt-off text-decoration-none text-strikethrough-none\">Renting pedal boats and kayaks for those eager for adventure.<\/span><\/p><p class=\"cvGsUA direction-ltr align-start para-style-body\"><span class=\"OYPEnA font-feature-liga-off font-feature-clig-off font-feature-calt-off text-decoration-none text-strikethrough-none\">For those who prefer quieter spots, a bit further from Primo\u0161ten towards \u0160ibenik, there are beautiful coves with fine pebbles and natural shade.<\/span><\/p>\t\t\t\t\t\t\t\t<\/div>\n\t\t\t\t<\/div>\n\t\t\t\t<\/div>\n\t\t\t\t<\/div>\n\t\t\t\t\t<\/details>\n\t\t\t\t\t<\/div>\n\t\t\t\t\t\t<\/div>\n\t\t\t\t<\/div>\n\t\t\t\t<div class=\"elementor-element elementor-element-bfe3fb3 elementor-widget elementor-widget-n-accordion\" data-id=\"bfe3fb3\" data-element_type=\"widget\" data-settings=\"{&quot;default_state&quot;:&quot;all_collapsed&quot;,&quot;max_items_expended&quot;:&quot;one&quot;,&quot;n_accordion_animation_duration&quot;:{&quot;unit&quot;:&quot;ms&quot;,&quot;size&quot;:400,&quot;sizes&quot;:[]}}\" data-widget_type=\"nested-accordion.default\">\n\t\t\t\t<div class=\"elementor-widget-container\">\n\t\t\t\t\t\t\t<div class=\"e-n-accordion\" aria-label=\"Accordion. Open links with Enter or Space, close with Escape, and navigate with Arrow Keys\">\n\t\t\t\t\t\t<details id=\"e-n-accordion-item-2010\" class=\"e-n-accordion-item\" >\n\t\t\t\t<summary class=\"e-n-accordion-item-title\" data-accordion-index=\"1\" tabindex=\"0\" aria-expanded=\"false\" aria-controls=\"e-n-accordion-item-2010\" >\n\t\t\t\t\t<span class='e-n-accordion-item-title-header'><div class=\"e-n-accordion-item-title-text\"> Water park and amusement park \u2013 an adventure nearby <\/div><\/span>\n\t\t\t\t\t\t\t<span class='e-n-accordion-item-title-icon'>\n\t\t\t<span class='e-opened' ><i aria-hidden=\"true\" class=\"ti-angle-down\"><\/i><\/span>\n\t\t\t<span class='e-closed'><i aria-hidden=\"true\" class=\"ti-angle-right\"><\/i><\/span>\n\t\t<\/span>\n\n\t\t\t\t\t\t<\/summary>\n\t\t\t\t<div role=\"region\" aria-labelledby=\"e-n-accordion-item-2010\" class=\"elementor-element elementor-element-2159819 e-con-full e-flex e-con e-child\" data-id=\"2159819\" data-element_type=\"container\">\n\t\t<div role=\"region\" aria-labelledby=\"e-n-accordion-item-2010\" class=\"elementor-element elementor-element-b672de5 e-con-full e-flex e-con e-child\" data-id=\"b672de5\" data-element_type=\"container\" data-settings=\"{&quot;background_background&quot;:&quot;classic&quot;}\">\n\t\t\t\t<div class=\"elementor-element elementor-element-e3d696e elementor-widget__width-inherit elementor-widget-tablet__width-inherit elementor-widget elementor-widget-text-editor\" data-id=\"e3d696e\" data-element_type=\"widget\" data-widget_type=\"text-editor.default\">\n\t\t\t\t<div class=\"elementor-widget-container\">\n\t\t\t\t\t\t\t\t\t<p class=\"cvGsUA direction-ltr align-start para-style-body\"><span class=\"OYPEnA font-feature-liga-off font-feature-clig-off font-feature-calt-off text-decoration-none text-strikethrough-none\">For extra fun, there are also two attractive parks near Primo\u0161ten:<\/span><\/p><p class=\"cvGsUA direction-ltr align-start para-style-body\"><span class=\"OYPEnA font-feature-liga-off font-feature-clig-off font-feature-calt-off text-decoration-none text-strikethrough-none\">Aquapark Dalmatia \u2013 a water park with numerous attractions, located just 20 km away.<\/span><\/p><p class=\"cvGsUA direction-ltr align-start para-style-body\"><span class=\"OYPEnA font-feature-liga-off font-feature-clig-off font-feature-calt-off text-decoration-none text-strikethrough-none\">Dalmaland amusement park \u2013 adrenaline rides, games, and fun for the whole family, located 60 km away.<\/span><\/p>\t\t\t\t\t\t\t\t<\/div>\n\t\t\t\t<\/div>\n\t\t\t\t<\/div>\n\t\t\t\t<\/div>\n\t\t\t\t\t<\/details>\n\t\t\t\t\t<\/div>\n\t\t\t\t\t\t<\/div>\n\t\t\t\t<\/div>\n\t\t\t\t<\/div>\n\t\t\t\t\t<\/div>\n\t\t\t\t<\/div>\n\t\t<div class=\"elementor-element elementor-element-d11e29c e-flex e-con-boxed e-con e-parent\" data-id=\"d11e29c\" data-element_type=\"container\">\n\t\t\t\t\t<div class=\"e-con-inner\">\n\t\t\t\t<div class=\"elementor-element elementor-element-d8ab47a elementor-widget elementor-widget-gallery\" data-id=\"d8ab47a\" data-element_type=\"widget\" data-settings=\"{&quot;columns&quot;:3,&quot;gap&quot;:{&quot;unit&quot;:&quot;px&quot;,&quot;size&quot;:40,&quot;sizes&quot;:[]},&quot;gap_tablet&quot;:{&quot;unit&quot;:&quot;px&quot;,&quot;size&quot;:20,&quot;sizes&quot;:[]},&quot;gap_mobile&quot;:{&quot;unit&quot;:&quot;px&quot;,&quot;size&quot;:20,&quot;sizes&quot;:[]},&quot;lazyload&quot;:&quot;yes&quot;,&quot;gallery_layout&quot;:&quot;grid&quot;,&quot;columns_tablet&quot;:2,&quot;columns_mobile&quot;:1,&quot;link_to&quot;:&quot;file&quot;,&quot;aspect_ratio&quot;:&quot;3:2&quot;,&quot;overlay_background&quot;:&quot;yes&quot;,&quot;content_hover_animation&quot;:&quot;fade-in&quot;}\" data-widget_type=\"gallery.default\">\n\t\t\t\t<div class=\"elementor-widget-container\">\n\t\t\t\t\t\t\t<div class=\"elementor-gallery__container\">\n\t\t\t\t\t\t\t<a class=\"e-gallery-item elementor-gallery-item elementor-animated-content\" href=\"https:\/\/vila-propuh.com\/wp-content\/uploads\/2025\/02\/vila_propuh_djecje_aktivnosti_2.jpg\" data-elementor-open-lightbox=\"yes\" data-elementor-lightbox-slideshow=\"d8ab47a\" data-e-action-hash=\"#elementor-action%3Aaction%3Dlightbox%26settings%3DeyJpZCI6OTkwLCJ1cmwiOiJodHRwczpcL1wvdmlsYS1wcm9wdWguY29tXC93cC1jb250ZW50XC91cGxvYWRzXC8yMDI1XC8wMlwvdmlsYV9wcm9wdWhfZGplY2plX2FrdGl2bm9zdGlfMi5qcGciLCJzbGlkZXNob3ciOiJkOGFiNDdhIn0%3D\">\n\t\t\t\t\t<div class=\"e-gallery-image elementor-gallery-item__image\" data-thumbnail=\"https:\/\/vila-propuh.com\/wp-content\/uploads\/2025\/02\/vila_propuh_djecje_aktivnosti_2.jpg\" data-width=\"1200\" data-height=\"1654\" aria-label=\"\" role=\"img\" ><\/div>\n\t\t\t\t\t\t\t\t\t\t\t<div class=\"elementor-gallery-item__overlay\"><\/div>\n\t\t\t\t\t\t\t\t\t\t\t\t\t\t<\/a>\n\t\t\t\t\t\t\t<a class=\"e-gallery-item elementor-gallery-item elementor-animated-content\" href=\"https:\/\/vila-propuh.com\/wp-content\/uploads\/2025\/02\/vila_propuh_djecje_aktivnosti_1.jpg\" data-elementor-open-lightbox=\"yes\" data-elementor-lightbox-slideshow=\"d8ab47a\" data-e-action-hash=\"#elementor-action%3Aaction%3Dlightbox%26settings%3DeyJpZCI6OTg5LCJ1cmwiOiJodHRwczpcL1wvdmlsYS1wcm9wdWguY29tXC93cC1jb250ZW50XC91cGxvYWRzXC8yMDI1XC8wMlwvdmlsYV9wcm9wdWhfZGplY2plX2FrdGl2bm9zdGlfMS5qcGciLCJzbGlkZXNob3ciOiJkOGFiNDdhIn0%3D\">\n\t\t\t\t\t<div class=\"e-gallery-image elementor-gallery-item__image\" data-thumbnail=\"https:\/\/vila-propuh.com\/wp-content\/uploads\/2025\/02\/vila_propuh_djecje_aktivnosti_1.jpg\" data-width=\"1200\" data-height=\"778\" aria-label=\"\" role=\"img\" ><\/div>\n\t\t\t\t\t\t\t\t\t\t\t<div class=\"elementor-gallery-item__overlay\"><\/div>\n\t\t\t\t\t\t\t\t\t\t\t\t\t\t<\/a>\n\t\t\t\t\t\t\t<a class=\"e-gallery-item elementor-gallery-item elementor-animated-content\" href=\"https:\/\/vila-propuh.com\/wp-content\/uploads\/2025\/02\/vila_propuh_djecje_aktivnosti_3.jpg\" data-elementor-open-lightbox=\"yes\" data-elementor-lightbox-slideshow=\"d8ab47a\" data-e-action-hash=\"#elementor-action%3Aaction%3Dlightbox%26settings%3DeyJpZCI6OTkxLCJ1cmwiOiJodHRwczpcL1wvdmlsYS1wcm9wdWguY29tXC93cC1jb250ZW50XC91cGxvYWRzXC8yMDI1XC8wMlwvdmlsYV9wcm9wdWhfZGplY2plX2FrdGl2bm9zdGlfMy5qcGciLCJzbGlkZXNob3ciOiJkOGFiNDdhIn0%3D\">\n\t\t\t\t\t<div class=\"e-gallery-image elementor-gallery-item__image\" data-thumbnail=\"https:\/\/vila-propuh.com\/wp-content\/uploads\/2025\/02\/vila_propuh_djecje_aktivnosti_3.jpg\" data-width=\"1200\" data-height=\"1654\" aria-label=\"\" role=\"img\" ><\/div>\n\t\t\t\t\t\t\t\t\t\t\t<div class=\"elementor-gallery-item__overlay\"><\/div>\n\t\t\t\t\t\t\t\t\t\t\t\t\t\t<\/a>\n\t\t\t\t\t<\/div>\n\t\t\t\t\t<\/div>\n\t\t\t\t<\/div>\n\t\t\t\t\t<\/div>\n\t\t\t\t<\/div>\n\t\t\t\t<\/div>","protected":false},"excerpt":{"rendered":"<p>Dje\u010dje aktivnosti Vratimo igru djeci Ostavimo mobitele i pozovimo djecu i mlade na igru! Nema ve\u0107e slobode od bezbri\u017enog tr\u010danja po selu, skrivanja iza kamenih zidova i drve\u0107a, daleko od prometa i gu\u017eve. Za one koji vole tradicionalne igre, balote su uvijek pravi izbor. Na zogu su svi dobrodo\u0161li \u2013 stari i mladi, iskusni igra\u010di [&hellip;]<\/p>","protected":false},"author":1,"featured_media":0,"parent":0,"menu_order":0,"comment_status":"closed","ping_status":"closed","template":"","meta":{"footnotes":""},"class_list":["post-962","page","type-page","status-publish","hentry"],"yoast_head":"<!-- This site is optimized with the Yoast SEO plugin v26.8 - https:\/\/yoast.com\/product\/yoast-seo-wordpress\/ -->\n<title>Dje\u010dje aktivnosti - Vila Propuh<\/title>\n<meta name=\"robots\" content=\"index, follow, max-snippet:-1, max-image-preview:large, max-video-preview:-1\" \/>\n<link rel=\"canonical\" href=\"https:\/\/vila-propuh.com\/en\/djecje-aktivnosti\/\" \/>\n<meta property=\"og:locale\" content=\"en_US\" \/>\n<meta property=\"og:type\" content=\"article\" \/>\n<meta property=\"og:title\" content=\"Dje\u010dje aktivnosti - Vila Propuh\" \/>\n<meta property=\"og:description\" content=\"Dje\u010dje aktivnosti Vratimo igru djeci Ostavimo mobitele i pozovimo djecu i mlade na igru! Nema ve\u0107e slobode od bezbri\u017enog tr\u010danja po selu, skrivanja iza kamenih zidova i drve\u0107a, daleko od prometa i gu\u017eve. Za one koji vole tradicionalne igre, balote su uvijek pravi izbor. Na zogu su svi dobrodo\u0161li \u2013 stari i mladi, iskusni igra\u010di [&hellip;]\" \/>\n<meta property=\"og:url\" content=\"https:\/\/vila-propuh.com\/en\/djecje-aktivnosti\/\" \/>\n<meta property=\"og:site_name\" content=\"Vila Propuh\" \/>\n<meta property=\"article:publisher\" content=\"https:\/\/web.facebook.com\/people\/Vila-Propuh\/61573294095314\/\" \/>\n<meta property=\"article:modified_time\" content=\"2025-03-06T10:25:41+00:00\" \/>\n<meta name=\"twitter:card\" content=\"summary_large_image\" \/>\n<meta name=\"twitter:label1\" content=\"Est. reading time\" \/>\n\t<meta name=\"twitter:data1\" content=\"2 minutes\" \/>\n<script type=\"application\/ld+json\" class=\"yoast-schema-graph\">{\"@context\":\"https:\/\/schema.org\",\"@graph\":[{\"@type\":\"WebPage\",\"@id\":\"https:\/\/vila-propuh.com\/djecje-aktivnosti\/\",\"url\":\"https:\/\/vila-propuh.com\/djecje-aktivnosti\/\",\"name\":\"Dje\u010dje aktivnosti - Vila Propuh\",\"isPartOf\":{\"@id\":\"https:\/\/vila-propuh.com\/#website\"},\"datePublished\":\"2025-02-26T08:50:12+00:00\",\"dateModified\":\"2025-03-06T10:25:41+00:00\",\"breadcrumb\":{\"@id\":\"https:\/\/vila-propuh.com\/djecje-aktivnosti\/#breadcrumb\"},\"inLanguage\":\"en-US\",\"potentialAction\":[{\"@type\":\"ReadAction\",\"target\":[\"https:\/\/vila-propuh.com\/djecje-aktivnosti\/\"]}]},{\"@type\":\"BreadcrumbList\",\"@id\":\"https:\/\/vila-propuh.com\/djecje-aktivnosti\/#breadcrumb\",\"itemListElement\":[{\"@type\":\"ListItem\",\"position\":1,\"name\":\"Home\",\"item\":\"https:\/\/vila-propuh.com\/\"},{\"@type\":\"ListItem\",\"position\":2,\"name\":\"Dje\u010dje aktivnosti\"}]},{\"@type\":\"WebSite\",\"@id\":\"https:\/\/vila-propuh.com\/#website\",\"url\":\"https:\/\/vila-propuh.com\/\",\"name\":\"Vila Propuh\",\"description\":\"Getaway with a sea breeze\",\"publisher\":{\"@id\":\"https:\/\/vila-propuh.com\/#organization\"},\"potentialAction\":[{\"@type\":\"SearchAction\",\"target\":{\"@type\":\"EntryPoint\",\"urlTemplate\":\"https:\/\/vila-propuh.com\/?s={search_term_string}\"},\"query-input\":{\"@type\":\"PropertyValueSpecification\",\"valueRequired\":true,\"valueName\":\"search_term_string\"}}],\"inLanguage\":\"en-US\"},{\"@type\":\"Organization\",\"@id\":\"https:\/\/vila-propuh.com\/#organization\",\"name\":\"Vila Propuh\",\"url\":\"https:\/\/vila-propuh.com\/\",\"logo\":{\"@type\":\"ImageObject\",\"inLanguage\":\"en-US\",\"@id\":\"https:\/\/vila-propuh.com\/#\/schema\/logo\/image\/\",\"url\":\"https:\/\/vila-propuh.com\/wp-content\/uploads\/2025\/02\/vila_propuh_logo_black.png\",\"contentUrl\":\"https:\/\/vila-propuh.com\/wp-content\/uploads\/2025\/02\/vila_propuh_logo_black.png\",\"width\":1500,\"height\":340,\"caption\":\"Vila Propuh\"},\"image\":{\"@id\":\"https:\/\/vila-propuh.com\/#\/schema\/logo\/image\/\"},\"sameAs\":[\"https:\/\/web.facebook.com\/people\/Vila-Propuh\/61573294095314\/\",\"https:\/\/www.instagram.com\/vila_propuh\"]}]}<\/script>\n<!-- \/ Yoast SEO plugin. -->","yoast_head_json":{"title":"Dje\u010dje aktivnosti - Vila Propuh","robots":{"index":"index","follow":"follow","max-snippet":"max-snippet:-1","max-image-preview":"max-image-preview:large","max-video-preview":"max-video-preview:-1"},"canonical":"https:\/\/vila-propuh.com\/en\/djecje-aktivnosti\/","og_locale":"en_US","og_type":"article","og_title":"Dje\u010dje aktivnosti - Vila Propuh","og_description":"Dje\u010dje aktivnosti Vratimo igru djeci Ostavimo mobitele i pozovimo djecu i mlade na igru! Nema ve\u0107e slobode od bezbri\u017enog tr\u010danja po selu, skrivanja iza kamenih zidova i drve\u0107a, daleko od prometa i gu\u017eve. Za one koji vole tradicionalne igre, balote su uvijek pravi izbor. Na zogu su svi dobrodo\u0161li \u2013 stari i mladi, iskusni igra\u010di [&hellip;]","og_url":"https:\/\/vila-propuh.com\/en\/djecje-aktivnosti\/","og_site_name":"Vila Propuh","article_publisher":"https:\/\/web.facebook.com\/people\/Vila-Propuh\/61573294095314\/","article_modified_time":"2025-03-06T10:25:41+00:00","twitter_card":"summary_large_image","twitter_misc":{"Est. reading time":"2 minutes"},"schema":{"@context":"https:\/\/schema.org","@graph":[{"@type":"WebPage","@id":"https:\/\/vila-propuh.com\/djecje-aktivnosti\/","url":"https:\/\/vila-propuh.com\/djecje-aktivnosti\/","name":"Dje\u010dje aktivnosti - Vila Propuh","isPartOf":{"@id":"https:\/\/vila-propuh.com\/#website"},"datePublished":"2025-02-26T08:50:12+00:00","dateModified":"2025-03-06T10:25:41+00:00","breadcrumb":{"@id":"https:\/\/vila-propuh.com\/djecje-aktivnosti\/#breadcrumb"},"inLanguage":"en-US","potentialAction":[{"@type":"ReadAction","target":["https:\/\/vila-propuh.com\/djecje-aktivnosti\/"]}]},{"@type":"BreadcrumbList","@id":"https:\/\/vila-propuh.com\/djecje-aktivnosti\/#breadcrumb","itemListElement":[{"@type":"ListItem","position":1,"name":"Home","item":"https:\/\/vila-propuh.com\/"},{"@type":"ListItem","position":2,"name":"Dje\u010dje aktivnosti"}]},{"@type":"WebSite","@id":"https:\/\/vila-propuh.com\/#website","url":"https:\/\/vila-propuh.com\/","name":"Villa Propuh","description":"Getaway with a sea breeze","publisher":{"@id":"https:\/\/vila-propuh.com\/#organization"},"potentialAction":[{"@type":"SearchAction","target":{"@type":"EntryPoint","urlTemplate":"https:\/\/vila-propuh.com\/?s={search_term_string}"},"query-input":{"@type":"PropertyValueSpecification","valueRequired":true,"valueName":"search_term_string"}}],"inLanguage":"en-US"},{"@type":"Organization","@id":"https:\/\/vila-propuh.com\/#organization","name":"Villa Propuh","url":"https:\/\/vila-propuh.com\/","logo":{"@type":"ImageObject","inLanguage":"en-US","@id":"https:\/\/vila-propuh.com\/#\/schema\/logo\/image\/","url":"https:\/\/vila-propuh.com\/wp-content\/uploads\/2025\/02\/vila_propuh_logo_black.png","contentUrl":"https:\/\/vila-propuh.com\/wp-content\/uploads\/2025\/02\/vila_propuh_logo_black.png","width":1500,"height":340,"caption":"Vila Propuh"},"image":{"@id":"https:\/\/vila-propuh.com\/#\/schema\/logo\/image\/"},"sameAs":["https:\/\/web.facebook.com\/people\/Vila-Propuh\/61573294095314\/","https:\/\/www.instagram.com\/vila_propuh"]}]}},"_links":{"self":[{"href":"https:\/\/vila-propuh.com\/en\/wp-json\/wp\/v2\/pages\/962","targetHints":{"allow":["GET"]}}],"collection":[{"href":"https:\/\/vila-propuh.com\/en\/wp-json\/wp\/v2\/pages"}],"about":[{"href":"https:\/\/vila-propuh.com\/en\/wp-json\/wp\/v2\/types\/page"}],"author":[{"embeddable":true,"href":"https:\/\/vila-propuh.com\/en\/wp-json\/wp\/v2\/users\/1"}],"replies":[{"embeddable":true,"href":"https:\/\/vila-propuh.com\/en\/wp-json\/wp\/v2\/comments?post=962"}],"version-history":[{"count":16,"href":"https:\/\/vila-propuh.com\/en\/wp-json\/wp\/v2\/pages\/962\/revisions"}],"predecessor-version":[{"id":1125,"href":"https:\/\/vila-propuh.com\/en\/wp-json\/wp\/v2\/pages\/962\/revisions\/1125"}],"wp:attachment":[{"href":"https:\/\/vila-propuh.com\/en\/wp-json\/wp\/v2\/media?parent=962"}],"curies":[{"name":"wp","href":"https:\/\/api.w.org\/{rel}","templated":true}]}}