{"id":563,"date":"2025-02-20T12:13:50","date_gmt":"2025-02-20T12:13:50","guid":{"rendered":"https:\/\/vila-propuh.com\/?page_id=563"},"modified":"2025-03-07T09:56:37","modified_gmt":"2025-03-07T09:56:37","slug":"agroturizam","status":"publish","type":"page","link":"https:\/\/vila-propuh.com\/en\/agroturizam\/","title":{"rendered":"Agritourism"},"content":{"rendered":"<div data-elementor-type=\"wp-page\" data-elementor-id=\"563\" class=\"elementor elementor-563\" data-elementor-post-type=\"page\">\n\t\t\t\t<div class=\"elementor-element elementor-element-ad5f75b e-flex e-con-boxed e-con e-parent\" data-id=\"ad5f75b\" data-element_type=\"container\" data-settings=\"{&quot;background_background&quot;:&quot;classic&quot;}\">\n\t\t\t\t\t<div class=\"e-con-inner\">\n\t\t\t\t<div class=\"elementor-element elementor-element-c8a8afd elementor-invisible elementor-widget elementor-widget-heading\" data-id=\"c8a8afd\" data-element_type=\"widget\" data-settings=\"{&quot;_animation&quot;:&quot;fadeInUp&quot;}\" data-widget_type=\"heading.default\">\n\t\t\t\t<div class=\"elementor-widget-container\">\n\t\t\t\t\t<h2 class=\"elementor-heading-title elementor-size-default\">Agritourism<\/h2>\t\t\t\t<\/div>\n\t\t\t\t<\/div>\n\t\t\t\t\t<\/div>\n\t\t\t\t<\/div>\n\t\t<div class=\"elementor-element elementor-element-659c5d0 e-flex e-con-boxed e-con e-parent\" data-id=\"659c5d0\" data-element_type=\"container\" data-settings=\"{&quot;background_background&quot;:&quot;classic&quot;}\">\n\t\t\t\t\t<div class=\"e-con-inner\">\n\t\t<div class=\"elementor-element elementor-element-ad81ad6 e-con-full e-flex e-con e-child\" data-id=\"ad81ad6\" data-element_type=\"container\">\n\t\t\t\t<div class=\"elementor-element elementor-element-c545a96 elementor-invisible elementor-widget elementor-widget-heading\" data-id=\"c545a96\" data-element_type=\"widget\" data-settings=\"{&quot;_animation&quot;:&quot;fadeInLeft&quot;}\" data-widget_type=\"heading.default\">\n\t\t\t\t<div class=\"elementor-widget-container\">\n\t\t\t\t\t<h2 class=\"elementor-heading-title elementor-size-default\">A stingy land keeps its treasure<\/h2>\t\t\t\t<\/div>\n\t\t\t\t<\/div>\n\t\t\t\t<div class=\"elementor-element elementor-element-c8457e8 elementor-widget__width-inherit elementor-widget-tablet__width-inherit elementor-invisible elementor-widget elementor-widget-text-editor\" data-id=\"c8457e8\" data-element_type=\"widget\" data-settings=\"{&quot;_animation&quot;:&quot;fadeInLeft&quot;}\" data-widget_type=\"text-editor.default\">\n\t\t\t\t<div class=\"elementor-widget-container\">\n\t\t\t\t\t\t\t\t\t<p class=\"cvGsUA direction-ltr align-start para-style-body\"><span class=\"OYPEnA font-feature-liga-off font-feature-clig-off font-feature-calt-off text-decoration-none text-strikethrough-none\">Old stone courtyards and stone roofs will transport every visitor back in time. Fifty, a hundred, or even more years old stone roofs withstand the test of time and offer a glimpse of tradition and the flavour of rural life when the lives of the people in this area were tied to agriculture, a kilometre or two inland from the sea, long before tourism and coastal living even existed. Here, far from the hustle and bustle of tourists, you will enjoy the richness of flavours of olive oil, fresh figs that you can pick yourself, or those dried figs that are sun-dried without preservatives. You can also try marinated anchovies, homemade prosciutto and cheese in oil, salted sardines, herbal brandy, and the indigenous Babi\u0107, the most famous red wine of the region.<\/span><\/p><p class=\"cvGsUA direction-ltr align-start para-style-body\"><span class=\"OYPEnA font-feature-liga-off font-feature-clig-off font-feature-calt-off text-decoration-none text-strikethrough-none\">The most famous agritourism you can visit in the nearby villages around Villa Propuh are Jurlinovi Dvori, Ba\u0107ulov Dvor, Oaza Jelinjak, \u0160ari\u0107evi Dvori, and Galjin Dvor.<\/span><\/p><p class=\"cvGsUA direction-ltr align-start para-style-body\"><span class=\"OYPEnA font-feature-liga-off font-feature-clig-off font-feature-calt-off text-decoration-none text-strikethrough-none\">If you wish to take home some homemade virgin olive oil, dried figs, cheese in oil, or Babic wine, not far from Villa Propuh, there are also several family farms (OPG \u010cobanov) in the village itself.<\/span><\/p>\t\t\t\t\t\t\t\t<\/div>\n\t\t\t\t<\/div>\n\t\t\t\t<div class=\"elementor-element elementor-element-99bfc0d elementor-mobile-align-left elementor-invisible elementor-widget elementor-widget-button\" data-id=\"99bfc0d\" data-element_type=\"widget\" data-settings=\"{&quot;_animation&quot;:&quot;fadeInLeft&quot;}\" data-widget_type=\"button.default\">\n\t\t\t\t<div class=\"elementor-widget-container\">\n\t\t\t\t\t\t\t\t\t<div class=\"elementor-button-wrapper\">\n\t\t\t\t\t<a class=\"elementor-button elementor-button-link elementor-size-sm\" href=\"https:\/\/visitprimosten.com\/agroturizam\/\">\n\t\t\t\t\t\t<span class=\"elementor-button-content-wrapper\">\n\t\t\t\t\t\t\t\t\t<span class=\"elementor-button-text\">Agrotourism Primosten<\/span>\n\t\t\t\t\t<\/span>\n\t\t\t\t\t<\/a>\n\t\t\t\t<\/div>\n\t\t\t\t\t\t\t\t<\/div>\n\t\t\t\t<\/div>\n\t\t\t\t<\/div>\n\t\t<div class=\"elementor-element elementor-element-1ce44e3 e-con-full e-flex e-con e-child\" data-id=\"1ce44e3\" data-element_type=\"container\">\n\t\t\t\t<div class=\"elementor-element elementor-element-9a7239a elementor-invisible elementor-widget elementor-widget-html\" data-id=\"9a7239a\" data-element_type=\"widget\" data-settings=\"{&quot;_animation&quot;:&quot;fadeInRight&quot;}\" data-widget_type=\"html.default\">\n\t\t\t\t<div class=\"elementor-widget-container\">\n\t\t\t\t\t<iframe src=\"https:\/\/www.google.com\/maps\/embed?pb=!1m12!1m8!1m3!1d92482.67854856516!2d15.9662945!3d43.5839728!3m2!1i1024!2i768!4f13.1!2m1!1sagroturizam%20primo%C5%A1ten!5e0!3m2!1shr!2shr!4v1740053830315!5m2!1shr!2shr\" width=\"100%\" height=\"580\" style=\"border:0;\" allowfullscreen=\"\" loading=\"lazy\" referrerpolicy=\"no-referrer-when-downgrade\"><\/iframe>\t\t\t\t<\/div>\n\t\t\t\t<\/div>\n\t\t\t\t<\/div>\n\t\t\t\t<div class=\"elementor-element elementor-element-8ce4589 elementor-absolute e-transform elementor-invisible elementor-widget elementor-widget-image\" data-id=\"8ce4589\" data-element_type=\"widget\" data-settings=\"{&quot;_position&quot;:&quot;absolute&quot;,&quot;_animation&quot;:&quot;fadeInRight&quot;,&quot;_transform_rotateZ_effect&quot;:{&quot;unit&quot;:&quot;px&quot;,&quot;size&quot;:22,&quot;sizes&quot;:[]},&quot;_transform_rotateZ_effect_tablet&quot;:{&quot;unit&quot;:&quot;deg&quot;,&quot;size&quot;:&quot;&quot;,&quot;sizes&quot;:[]},&quot;_transform_rotateZ_effect_mobile&quot;:{&quot;unit&quot;:&quot;deg&quot;,&quot;size&quot;:&quot;&quot;,&quot;sizes&quot;:[]}}\" data-widget_type=\"image.default\">\n\t\t\t\t<div class=\"elementor-widget-container\">\n\t\t\t\t\t\t\t\t\t\t\t\t\t\t\t<img fetchpriority=\"high\" decoding=\"async\" width=\"208\" height=\"500\" src=\"https:\/\/vila-propuh.com\/wp-content\/uploads\/2025\/03\/vila_propuh_maslina2.webp\" class=\"attachment-full size-full wp-image-1082\" alt=\"\" srcset=\"https:\/\/vila-propuh.com\/wp-content\/uploads\/2025\/03\/vila_propuh_maslina2.webp 208w, https:\/\/vila-propuh.com\/wp-content\/uploads\/2025\/03\/vila_propuh_maslina2-125x300.webp 125w\" sizes=\"(max-width: 208px) 100vw, 208px\" \/>\t\t\t\t\t\t\t\t\t\t\t\t\t\t\t<\/div>\n\t\t\t\t<\/div>\n\t\t\t\t\t<\/div>\n\t\t\t\t<\/div>\n\t\t<div class=\"elementor-element elementor-element-c153413 e-flex e-con-boxed e-con e-parent\" data-id=\"c153413\" data-element_type=\"container\">\n\t\t\t\t\t<div class=\"e-con-inner\">\n\t\t<div class=\"elementor-element elementor-element-8156299 e-con-full e-flex e-con e-child\" data-id=\"8156299\" data-element_type=\"container\">\n\t\t\t\t<div class=\"elementor-element elementor-element-7635c68 elementor-invisible elementor-widget elementor-widget-heading\" data-id=\"7635c68\" data-element_type=\"widget\" data-settings=\"{&quot;_animation&quot;:&quot;fadeInLeft&quot;}\" data-widget_type=\"heading.default\">\n\t\t\t\t<div class=\"elementor-widget-container\">\n\t\t\t\t\t<h2 class=\"elementor-heading-title elementor-size-default\">Wineries<\/h2>\t\t\t\t<\/div>\n\t\t\t\t<\/div>\n\t\t\t\t<div class=\"elementor-element elementor-element-741051a elementor-widget__width-inherit elementor-widget-tablet__width-inherit elementor-invisible elementor-widget elementor-widget-text-editor\" data-id=\"741051a\" data-element_type=\"widget\" data-settings=\"{&quot;_animation&quot;:&quot;fadeInLeft&quot;}\" data-widget_type=\"text-editor.default\">\n\t\t\t\t<div class=\"elementor-widget-container\">\n\t\t\t\t\t\t\t\t\t<p class=\"cvGsUA direction-ltr align-start para-style-body\">In the vicinity of Villa Propuh, there are several wineries. In the village of Podgreben, where Villa Propuh is located, there are also local households that sell homemade wine (OPG \u010cobanov). If you want to give it a try, feel free to reach out to the hosts.<\/p>\t\t\t\t\t\t\t\t<\/div>\n\t\t\t\t<\/div>\n\t\t\t\t<div class=\"elementor-element elementor-element-f9ec835 elementor-icon-list--layout-traditional elementor-list-item-link-full_width elementor-invisible elementor-widget elementor-widget-icon-list\" data-id=\"f9ec835\" data-element_type=\"widget\" data-settings=\"{&quot;_animation&quot;:&quot;fadeInLeft&quot;}\" data-widget_type=\"icon-list.default\">\n\t\t\t\t<div class=\"elementor-widget-container\">\n\t\t\t\t\t\t\t<ul class=\"elementor-icon-list-items\">\n\t\t\t\t\t\t\t<li class=\"elementor-icon-list-item\">\n\t\t\t\t\t\t\t\t\t\t\t<span class=\"elementor-icon-list-icon\">\n\t\t\t\t\t\t\t<i aria-hidden=\"true\" class=\"lnr lnr-arrow-right\"><\/i>\t\t\t\t\t\t<\/span>\n\t\t\t\t\t\t\t\t\t\t<span class=\"elementor-icon-list-text\">Prgin Winery in Bilini (3 km)<\/span>\n\t\t\t\t\t\t\t\t\t<\/li>\n\t\t\t\t\t\t\t\t<li class=\"elementor-icon-list-item\">\n\t\t\t\t\t\t\t\t\t\t\t<span class=\"elementor-icon-list-icon\">\n\t\t\t\t\t\t\t<i aria-hidden=\"true\" class=\"lnr lnr-arrow-right\"><\/i>\t\t\t\t\t\t<\/span>\n\t\t\t\t\t\t\t\t\t\t<span class=\"elementor-icon-list-text\">Winery Mato\u0161in (10 km)<\/span>\n\t\t\t\t\t\t\t\t\t<\/li>\n\t\t\t\t\t\t\t\t<li class=\"elementor-icon-list-item\">\n\t\t\t\t\t\t\t\t\t\t\t<span class=\"elementor-icon-list-icon\">\n\t\t\t\t\t\t\t<i aria-hidden=\"true\" class=\"lnr lnr-arrow-right\"><\/i>\t\t\t\t\t\t<\/span>\n\t\t\t\t\t\t\t\t\t\t<span class=\"elementor-icon-list-text\">Winery Testament (18 km)<\/span>\n\t\t\t\t\t\t\t\t\t<\/li>\n\t\t\t\t\t\t<\/ul>\n\t\t\t\t\t\t<\/div>\n\t\t\t\t<\/div>\n\t\t\t\t<\/div>\n\t\t<div class=\"elementor-element elementor-element-11e6b6a e-con-full e-flex e-con e-child\" data-id=\"11e6b6a\" data-element_type=\"container\">\n\t\t\t\t<div class=\"elementor-element elementor-element-5b303b8 elementor-invisible elementor-widget elementor-widget-gallery\" data-id=\"5b303b8\" data-element_type=\"widget\" data-settings=\"{&quot;gallery_layout&quot;:&quot;masonry&quot;,&quot;columns&quot;:2,&quot;gap&quot;:{&quot;unit&quot;:&quot;px&quot;,&quot;size&quot;:40,&quot;sizes&quot;:[]},&quot;gap_tablet&quot;:{&quot;unit&quot;:&quot;px&quot;,&quot;size&quot;:20,&quot;sizes&quot;:[]},&quot;gap_mobile&quot;:{&quot;unit&quot;:&quot;px&quot;,&quot;size&quot;:20,&quot;sizes&quot;:[]},&quot;_animation&quot;:&quot;fadeInRight&quot;,&quot;lazyload&quot;:&quot;yes&quot;,&quot;columns_tablet&quot;:2,&quot;columns_mobile&quot;:1,&quot;link_to&quot;:&quot;file&quot;,&quot;overlay_background&quot;:&quot;yes&quot;,&quot;content_hover_animation&quot;:&quot;fade-in&quot;}\" data-widget_type=\"gallery.default\">\n\t\t\t\t<div class=\"elementor-widget-container\">\n\t\t\t\t\t\t\t<div class=\"elementor-gallery__container\">\n\t\t\t\t\t\t\t<a class=\"e-gallery-item elementor-gallery-item elementor-animated-content\" href=\"https:\/\/vila-propuh.com\/wp-content\/uploads\/2025\/02\/vila_propuh_agroturizam_1.jpg\" data-elementor-open-lightbox=\"yes\" data-elementor-lightbox-slideshow=\"5b303b8\" data-e-action-hash=\"#elementor-action%3Aaction%3Dlightbox%26settings%3DeyJpZCI6NTc2LCJ1cmwiOiJodHRwczpcL1wvdmlsYS1wcm9wdWguY29tXC93cC1jb250ZW50XC91cGxvYWRzXC8yMDI1XC8wMlwvdmlsYV9wcm9wdWhfYWdyb3R1cml6YW1fMS5qcGciLCJzbGlkZXNob3ciOiI1YjMwM2I4In0%3D\">\n\t\t\t\t\t<div class=\"e-gallery-image elementor-gallery-item__image\" data-thumbnail=\"https:\/\/vila-propuh.com\/wp-content\/uploads\/2025\/02\/vila_propuh_agroturizam_1.jpg\" data-width=\"364\" data-height=\"459\" aria-label=\"\" role=\"img\" ><\/div>\n\t\t\t\t\t\t\t\t\t\t\t<div class=\"elementor-gallery-item__overlay\"><\/div>\n\t\t\t\t\t\t\t\t\t\t\t\t\t\t<\/a>\n\t\t\t\t\t\t\t<a class=\"e-gallery-item elementor-gallery-item elementor-animated-content\" href=\"https:\/\/vila-propuh.com\/wp-content\/uploads\/2025\/02\/vila_propuh_agroturizam_2.jpg\" data-elementor-open-lightbox=\"yes\" data-elementor-lightbox-slideshow=\"5b303b8\" data-e-action-hash=\"#elementor-action%3Aaction%3Dlightbox%26settings%3DeyJpZCI6NTc3LCJ1cmwiOiJodHRwczpcL1wvdmlsYS1wcm9wdWguY29tXC93cC1jb250ZW50XC91cGxvYWRzXC8yMDI1XC8wMlwvdmlsYV9wcm9wdWhfYWdyb3R1cml6YW1fMi5qcGciLCJzbGlkZXNob3ciOiI1YjMwM2I4In0%3D\">\n\t\t\t\t\t<div class=\"e-gallery-image elementor-gallery-item__image\" data-thumbnail=\"https:\/\/vila-propuh.com\/wp-content\/uploads\/2025\/02\/vila_propuh_agroturizam_2.jpg\" data-width=\"364\" data-height=\"459\" aria-label=\"\" role=\"img\" ><\/div>\n\t\t\t\t\t\t\t\t\t\t\t<div class=\"elementor-gallery-item__overlay\"><\/div>\n\t\t\t\t\t\t\t\t\t\t\t\t\t\t<\/a>\n\t\t\t\t\t<\/div>\n\t\t\t\t\t<\/div>\n\t\t\t\t<\/div>\n\t\t\t\t<\/div>\n\t\t\t\t\t<\/div>\n\t\t\t\t<\/div>\n\t\t\t\t<\/div>","protected":false},"excerpt":{"rendered":"<p>Agroturiazm \u0160krta zemlja \u010duva svoje blago Stari kameni dvorovi i kameni krovovi vratit \u0107e svakog posjetitelja u pro\u0161lost. Pedesetak, sto pa \u010dak i vi\u0161e godina stari kameni krovovi odolijevaju zubu vremena i nude da\u0161ak tradicije i okusa ruralnog \u017eivota kada je \u017eivot stanovni\u0161tva ovoga kraja bio vezan uz poljoprivredu u zale\u0111u kilometar dva i vi\u0161e [&hellip;]<\/p>","protected":false},"author":1,"featured_media":0,"parent":0,"menu_order":0,"comment_status":"closed","ping_status":"closed","template":"","meta":{"footnotes":""},"class_list":["post-563","page","type-page","status-publish","hentry"],"yoast_head":"<!-- This site is optimized with the Yoast SEO plugin v26.8 - https:\/\/yoast.com\/product\/yoast-seo-wordpress\/ -->\n<title>Agroturizam - Vila Propuh<\/title>\n<meta name=\"robots\" content=\"index, follow, max-snippet:-1, max-image-preview:large, max-video-preview:-1\" \/>\n<link rel=\"canonical\" href=\"https:\/\/vila-propuh.com\/en\/agroturizam\/\" \/>\n<meta property=\"og:locale\" content=\"en_US\" \/>\n<meta property=\"og:type\" content=\"article\" \/>\n<meta property=\"og:title\" content=\"Agroturizam - Vila Propuh\" \/>\n<meta property=\"og:description\" content=\"Agroturiazm \u0160krta zemlja \u010duva svoje blago Stari kameni dvorovi i kameni krovovi vratit \u0107e svakog posjetitelja u pro\u0161lost. Pedesetak, sto pa \u010dak i vi\u0161e godina stari kameni krovovi odolijevaju zubu vremena i nude da\u0161ak tradicije i okusa ruralnog \u017eivota kada je \u017eivot stanovni\u0161tva ovoga kraja bio vezan uz poljoprivredu u zale\u0111u kilometar dva i vi\u0161e [&hellip;]\" \/>\n<meta property=\"og:url\" content=\"https:\/\/vila-propuh.com\/en\/agroturizam\/\" \/>\n<meta property=\"og:site_name\" content=\"Vila Propuh\" \/>\n<meta property=\"article:publisher\" content=\"https:\/\/web.facebook.com\/people\/Vila-Propuh\/61573294095314\/\" \/>\n<meta property=\"article:modified_time\" content=\"2025-03-07T09:56:37+00:00\" \/>\n<meta property=\"og:image\" content=\"https:\/\/vila-propuh.com\/wp-content\/uploads\/2025\/03\/vila_propuh_maslina2.webp\" \/>\n\t<meta property=\"og:image:width\" content=\"208\" \/>\n\t<meta property=\"og:image:height\" content=\"500\" \/>\n\t<meta property=\"og:image:type\" content=\"image\/webp\" \/>\n<meta name=\"twitter:card\" content=\"summary_large_image\" \/>\n<meta name=\"twitter:label1\" content=\"Est. reading time\" \/>\n\t<meta name=\"twitter:data1\" content=\"1 minute\" \/>\n<script type=\"application\/ld+json\" class=\"yoast-schema-graph\">{\"@context\":\"https:\/\/schema.org\",\"@graph\":[{\"@type\":\"WebPage\",\"@id\":\"https:\/\/vila-propuh.com\/agroturizam\/\",\"url\":\"https:\/\/vila-propuh.com\/agroturizam\/\",\"name\":\"Agroturizam - Vila Propuh\",\"isPartOf\":{\"@id\":\"https:\/\/vila-propuh.com\/#website\"},\"primaryImageOfPage\":{\"@id\":\"https:\/\/vila-propuh.com\/agroturizam\/#primaryimage\"},\"image\":{\"@id\":\"https:\/\/vila-propuh.com\/agroturizam\/#primaryimage\"},\"thumbnailUrl\":\"https:\/\/vila-propuh.com\/wp-content\/uploads\/2025\/03\/vila_propuh_maslina2.webp\",\"datePublished\":\"2025-02-20T12:13:50+00:00\",\"dateModified\":\"2025-03-07T09:56:37+00:00\",\"breadcrumb\":{\"@id\":\"https:\/\/vila-propuh.com\/agroturizam\/#breadcrumb\"},\"inLanguage\":\"en-US\",\"potentialAction\":[{\"@type\":\"ReadAction\",\"target\":[\"https:\/\/vila-propuh.com\/agroturizam\/\"]}]},{\"@type\":\"ImageObject\",\"inLanguage\":\"en-US\",\"@id\":\"https:\/\/vila-propuh.com\/agroturizam\/#primaryimage\",\"url\":\"https:\/\/vila-propuh.com\/wp-content\/uploads\/2025\/03\/vila_propuh_maslina2.webp\",\"contentUrl\":\"https:\/\/vila-propuh.com\/wp-content\/uploads\/2025\/03\/vila_propuh_maslina2.webp\"},{\"@type\":\"BreadcrumbList\",\"@id\":\"https:\/\/vila-propuh.com\/agroturizam\/#breadcrumb\",\"itemListElement\":[{\"@type\":\"ListItem\",\"position\":1,\"name\":\"Home\",\"item\":\"https:\/\/vila-propuh.com\/\"},{\"@type\":\"ListItem\",\"position\":2,\"name\":\"Agroturizam\"}]},{\"@type\":\"WebSite\",\"@id\":\"https:\/\/vila-propuh.com\/#website\",\"url\":\"https:\/\/vila-propuh.com\/\",\"name\":\"Vila Propuh\",\"description\":\"Getaway with a sea breeze\",\"publisher\":{\"@id\":\"https:\/\/vila-propuh.com\/#organization\"},\"potentialAction\":[{\"@type\":\"SearchAction\",\"target\":{\"@type\":\"EntryPoint\",\"urlTemplate\":\"https:\/\/vila-propuh.com\/?s={search_term_string}\"},\"query-input\":{\"@type\":\"PropertyValueSpecification\",\"valueRequired\":true,\"valueName\":\"search_term_string\"}}],\"inLanguage\":\"en-US\"},{\"@type\":\"Organization\",\"@id\":\"https:\/\/vila-propuh.com\/#organization\",\"name\":\"Vila Propuh\",\"url\":\"https:\/\/vila-propuh.com\/\",\"logo\":{\"@type\":\"ImageObject\",\"inLanguage\":\"en-US\",\"@id\":\"https:\/\/vila-propuh.com\/#\/schema\/logo\/image\/\",\"url\":\"https:\/\/vila-propuh.com\/wp-content\/uploads\/2025\/02\/vila_propuh_logo_black.png\",\"contentUrl\":\"https:\/\/vila-propuh.com\/wp-content\/uploads\/2025\/02\/vila_propuh_logo_black.png\",\"width\":1500,\"height\":340,\"caption\":\"Vila Propuh\"},\"image\":{\"@id\":\"https:\/\/vila-propuh.com\/#\/schema\/logo\/image\/\"},\"sameAs\":[\"https:\/\/web.facebook.com\/people\/Vila-Propuh\/61573294095314\/\",\"https:\/\/www.instagram.com\/vila_propuh\"]}]}<\/script>\n<!-- \/ Yoast SEO plugin. -->","yoast_head_json":{"title":"Agroturizam - Vila Propuh","robots":{"index":"index","follow":"follow","max-snippet":"max-snippet:-1","max-image-preview":"max-image-preview:large","max-video-preview":"max-video-preview:-1"},"canonical":"https:\/\/vila-propuh.com\/en\/agroturizam\/","og_locale":"en_US","og_type":"article","og_title":"Agroturizam - Vila Propuh","og_description":"Agroturiazm \u0160krta zemlja \u010duva svoje blago Stari kameni dvorovi i kameni krovovi vratit \u0107e svakog posjetitelja u pro\u0161lost. Pedesetak, sto pa \u010dak i vi\u0161e godina stari kameni krovovi odolijevaju zubu vremena i nude da\u0161ak tradicije i okusa ruralnog \u017eivota kada je \u017eivot stanovni\u0161tva ovoga kraja bio vezan uz poljoprivredu u zale\u0111u kilometar dva i vi\u0161e [&hellip;]","og_url":"https:\/\/vila-propuh.com\/en\/agroturizam\/","og_site_name":"Vila Propuh","article_publisher":"https:\/\/web.facebook.com\/people\/Vila-Propuh\/61573294095314\/","article_modified_time":"2025-03-07T09:56:37+00:00","og_image":[{"width":208,"height":500,"url":"https:\/\/vila-propuh.com\/wp-content\/uploads\/2025\/03\/vila_propuh_maslina2.webp","type":"image\/webp"}],"twitter_card":"summary_large_image","twitter_misc":{"Est. reading time":"1 minute"},"schema":{"@context":"https:\/\/schema.org","@graph":[{"@type":"WebPage","@id":"https:\/\/vila-propuh.com\/agroturizam\/","url":"https:\/\/vila-propuh.com\/agroturizam\/","name":"Agroturizam - Vila Propuh","isPartOf":{"@id":"https:\/\/vila-propuh.com\/#website"},"primaryImageOfPage":{"@id":"https:\/\/vila-propuh.com\/agroturizam\/#primaryimage"},"image":{"@id":"https:\/\/vila-propuh.com\/agroturizam\/#primaryimage"},"thumbnailUrl":"https:\/\/vila-propuh.com\/wp-content\/uploads\/2025\/03\/vila_propuh_maslina2.webp","datePublished":"2025-02-20T12:13:50+00:00","dateModified":"2025-03-07T09:56:37+00:00","breadcrumb":{"@id":"https:\/\/vila-propuh.com\/agroturizam\/#breadcrumb"},"inLanguage":"en-US","potentialAction":[{"@type":"ReadAction","target":["https:\/\/vila-propuh.com\/agroturizam\/"]}]},{"@type":"ImageObject","inLanguage":"en-US","@id":"https:\/\/vila-propuh.com\/agroturizam\/#primaryimage","url":"https:\/\/vila-propuh.com\/wp-content\/uploads\/2025\/03\/vila_propuh_maslina2.webp","contentUrl":"https:\/\/vila-propuh.com\/wp-content\/uploads\/2025\/03\/vila_propuh_maslina2.webp"},{"@type":"BreadcrumbList","@id":"https:\/\/vila-propuh.com\/agroturizam\/#breadcrumb","itemListElement":[{"@type":"ListItem","position":1,"name":"Home","item":"https:\/\/vila-propuh.com\/"},{"@type":"ListItem","position":2,"name":"Agroturizam"}]},{"@type":"WebSite","@id":"https:\/\/vila-propuh.com\/#website","url":"https:\/\/vila-propuh.com\/","name":"Villa Propuh","description":"Getaway with a sea breeze","publisher":{"@id":"https:\/\/vila-propuh.com\/#organization"},"potentialAction":[{"@type":"SearchAction","target":{"@type":"EntryPoint","urlTemplate":"https:\/\/vila-propuh.com\/?s={search_term_string}"},"query-input":{"@type":"PropertyValueSpecification","valueRequired":true,"valueName":"search_term_string"}}],"inLanguage":"en-US"},{"@type":"Organization","@id":"https:\/\/vila-propuh.com\/#organization","name":"Villa Propuh","url":"https:\/\/vila-propuh.com\/","logo":{"@type":"ImageObject","inLanguage":"en-US","@id":"https:\/\/vila-propuh.com\/#\/schema\/logo\/image\/","url":"https:\/\/vila-propuh.com\/wp-content\/uploads\/2025\/02\/vila_propuh_logo_black.png","contentUrl":"https:\/\/vila-propuh.com\/wp-content\/uploads\/2025\/02\/vila_propuh_logo_black.png","width":1500,"height":340,"caption":"Vila Propuh"},"image":{"@id":"https:\/\/vila-propuh.com\/#\/schema\/logo\/image\/"},"sameAs":["https:\/\/web.facebook.com\/people\/Vila-Propuh\/61573294095314\/","https:\/\/www.instagram.com\/vila_propuh"]}]}},"_links":{"self":[{"href":"https:\/\/vila-propuh.com\/en\/wp-json\/wp\/v2\/pages\/563","targetHints":{"allow":["GET"]}}],"collection":[{"href":"https:\/\/vila-propuh.com\/en\/wp-json\/wp\/v2\/pages"}],"about":[{"href":"https:\/\/vila-propuh.com\/en\/wp-json\/wp\/v2\/types\/page"}],"author":[{"embeddable":true,"href":"https:\/\/vila-propuh.com\/en\/wp-json\/wp\/v2\/users\/1"}],"replies":[{"embeddable":true,"href":"https:\/\/vila-propuh.com\/en\/wp-json\/wp\/v2\/comments?post=563"}],"version-history":[{"count":37,"href":"https:\/\/vila-propuh.com\/en\/wp-json\/wp\/v2\/pages\/563\/revisions"}],"predecessor-version":[{"id":1236,"href":"https:\/\/vila-propuh.com\/en\/wp-json\/wp\/v2\/pages\/563\/revisions\/1236"}],"wp:attachment":[{"href":"https:\/\/vila-propuh.com\/en\/wp-json\/wp\/v2\/media?parent=563"}],"curies":[{"name":"wp","href":"https:\/\/api.w.org\/{rel}","templated":true}]}}