{"id":521,"date":"2025-02-20T10:46:14","date_gmt":"2025-02-20T10:46:14","guid":{"rendered":"https:\/\/vila-propuh.com\/?page_id=521"},"modified":"2025-03-06T11:05:53","modified_gmt":"2025-03-06T11:05:53","slug":"pjesacke-i-biciklisticke-staze","status":"publish","type":"page","link":"https:\/\/vila-propuh.com\/en\/pjesacke-i-biciklisticke-staze\/","title":{"rendered":"Walking and bicycle paths"},"content":{"rendered":"<div data-elementor-type=\"wp-page\" data-elementor-id=\"521\" class=\"elementor elementor-521\" data-elementor-post-type=\"page\">\n\t\t\t\t<div class=\"elementor-element elementor-element-0a97304 e-flex e-con-boxed e-con e-parent\" data-id=\"0a97304\" data-element_type=\"container\" data-settings=\"{&quot;background_background&quot;:&quot;classic&quot;}\">\n\t\t\t\t\t<div class=\"e-con-inner\">\n\t\t\t\t<div class=\"elementor-element elementor-element-1d0726d elementor-invisible elementor-widget elementor-widget-heading\" data-id=\"1d0726d\" data-element_type=\"widget\" data-settings=\"{&quot;_animation&quot;:&quot;fadeInUp&quot;}\" data-widget_type=\"heading.default\">\n\t\t\t\t<div class=\"elementor-widget-container\">\n\t\t\t\t\t<h2 class=\"elementor-heading-title elementor-size-default\">Walking and bicycle paths<\/h2>\t\t\t\t<\/div>\n\t\t\t\t<\/div>\n\t\t\t\t\t<\/div>\n\t\t\t\t<\/div>\n\t\t<div class=\"elementor-element elementor-element-4773dfc e-flex e-con-boxed e-con e-parent\" data-id=\"4773dfc\" data-element_type=\"container\" data-settings=\"{&quot;background_background&quot;:&quot;classic&quot;}\">\n\t\t\t\t\t<div class=\"e-con-inner\">\n\t\t<div class=\"elementor-element elementor-element-4819c68 e-con-full e-flex e-con e-child\" data-id=\"4819c68\" data-element_type=\"container\">\n\t\t\t\t<div class=\"elementor-element elementor-element-d8425cc elementor-invisible elementor-widget elementor-widget-heading\" data-id=\"d8425cc\" data-element_type=\"widget\" data-settings=\"{&quot;_animation&quot;:&quot;fadeInLeft&quot;}\" data-widget_type=\"heading.default\">\n\t\t\t\t<div class=\"elementor-widget-container\">\n\t\t\t\t\t<h2 class=\"elementor-heading-title elementor-size-default\">Walking paths<\/h2>\t\t\t\t<\/div>\n\t\t\t\t<\/div>\n\t\t\t\t<div class=\"elementor-element elementor-element-ac3f62d elementor-widget__width-inherit elementor-widget-tablet__width-inherit elementor-invisible elementor-widget elementor-widget-text-editor\" data-id=\"ac3f62d\" data-element_type=\"widget\" data-settings=\"{&quot;_animation&quot;:&quot;fadeInLeft&quot;}\" data-widget_type=\"text-editor.default\">\n\t\t\t\t<div class=\"elementor-widget-container\">\n\t\t\t\t\t\t\t\t\t<p class=\"cvGsUA direction-ltr align-start para-style-body\"><span class=\"OYPEnA font-feature-liga-off font-feature-clig-off font-feature-calt-off text-decoration-none text-strikethrough-none\">Lace in stone \u2013 numerous dry stone walls in olive groves and vineyards of the indigenous grape variety Babi\u0107, along with kilometres of well-maintained, asphalted and gravel roads through the Dalmatian karst, where you can walk in nature with pets and children, encountering the most beautiful panoramas in \u0160ibenik County, with views of the entire \u0160ibenik archipelago or the islands of Primo\u0161ten. If you search more carefully, you will find the symbol of the end \u2013 stone mounds of which only a few can still be found.<\/span><\/p>\t\t\t\t\t\t\t\t<\/div>\n\t\t\t\t<\/div>\n\t\t\t\t<div class=\"elementor-element elementor-element-3898212 elementor-mobile-align-left elementor-invisible elementor-widget elementor-widget-button\" data-id=\"3898212\" data-element_type=\"widget\" data-settings=\"{&quot;_animation&quot;:&quot;fadeInLeft&quot;}\" data-widget_type=\"button.default\">\n\t\t\t\t<div class=\"elementor-widget-container\">\n\t\t\t\t\t\t\t\t\t<div class=\"elementor-button-wrapper\">\n\t\t\t\t\t<a class=\"elementor-button elementor-button-link elementor-size-sm\" href=\"https:\/\/www.google.com\/maps\/d\/u\/0\/viewer?mid=1_PpN6-1MRvDeqzhSwQWoHpVQaiSO7vI&#038;ll=43.59980688098472%2C15.96650898604463&#038;z=13\">\n\t\t\t\t\t\t<span class=\"elementor-button-content-wrapper\">\n\t\t\t\t\t\t\t\t\t<span class=\"elementor-button-text\">Look at the walking paths<\/span>\n\t\t\t\t\t<\/span>\n\t\t\t\t\t<\/a>\n\t\t\t\t<\/div>\n\t\t\t\t\t\t\t\t<\/div>\n\t\t\t\t<\/div>\n\t\t\t\t<\/div>\n\t\t<div class=\"elementor-element elementor-element-4799e67 e-con-full e-flex e-con e-child\" data-id=\"4799e67\" data-element_type=\"container\">\n\t\t\t\t<div class=\"elementor-element elementor-element-e762169 elementor-invisible elementor-widget elementor-widget-heading\" data-id=\"e762169\" data-element_type=\"widget\" data-settings=\"{&quot;_animation&quot;:&quot;fadeInRight&quot;}\" data-widget_type=\"heading.default\">\n\t\t\t\t<div class=\"elementor-widget-container\">\n\t\t\t\t\t<h2 class=\"elementor-heading-title elementor-size-default\">Bicycle paths<\/h2>\t\t\t\t<\/div>\n\t\t\t\t<\/div>\n\t\t\t\t<div class=\"elementor-element elementor-element-faae463 elementor-widget__width-inherit elementor-widget-tablet__width-inherit elementor-invisible elementor-widget elementor-widget-text-editor\" data-id=\"faae463\" data-element_type=\"widget\" data-settings=\"{&quot;_animation&quot;:&quot;fadeInRight&quot;}\" data-widget_type=\"text-editor.default\">\n\t\t\t\t<div class=\"elementor-widget-container\">\n\t\t\t\t\t\t\t\t\t<p class=\"cvGsUA direction-ltr align-start para-style-body\"><span class=\"OYPEnA font-feature-liga-off font-feature-clig-off font-feature-calt-off text-decoration-none text-strikethrough-none\">Villa Propuh is located near several cycling paths that run through this area:<\/span><\/p>\t\t\t\t\t\t\t\t<\/div>\n\t\t\t\t<\/div>\n\t\t\t\t<div class=\"elementor-element elementor-element-638125e elementor-icon-list--layout-traditional elementor-list-item-link-full_width elementor-invisible elementor-widget elementor-widget-icon-list\" data-id=\"638125e\" data-element_type=\"widget\" data-settings=\"{&quot;_animation&quot;:&quot;fadeInRight&quot;}\" data-widget_type=\"icon-list.default\">\n\t\t\t\t<div class=\"elementor-widget-container\">\n\t\t\t\t\t\t\t<ul class=\"elementor-icon-list-items\">\n\t\t\t\t\t\t\t<li class=\"elementor-icon-list-item\">\n\t\t\t\t\t\t\t\t\t\t\t<span class=\"elementor-icon-list-icon\">\n\t\t\t\t\t\t\t<i aria-hidden=\"true\" class=\"lnr lnr-arrow-right\"><\/i>\t\t\t\t\t\t<\/span>\n\t\t\t\t\t\t\t\t\t\t<span class=\"elementor-icon-list-text\">Dalmatinka (24.3 km, gravel, 4\/4\/H)<\/span>\n\t\t\t\t\t\t\t\t\t<\/li>\n\t\t\t\t\t\t\t\t<li class=\"elementor-icon-list-item\">\n\t\t\t\t\t\t\t\t\t\t\t<span class=\"elementor-icon-list-icon\">\n\t\t\t\t\t\t\t<i aria-hidden=\"true\" class=\"lnr lnr-arrow-right\"><\/i>\t\t\t\t\t\t<\/span>\n\t\t\t\t\t\t\t\t\t\t<span class=\"elementor-icon-list-text\">Wide roads (26.4 km, gravel, 3\/2\/M)<\/span>\n\t\t\t\t\t\t\t\t\t<\/li>\n\t\t\t\t\t\t\t\t<li class=\"elementor-icon-list-item\">\n\t\t\t\t\t\t\t\t\t\t\t<span class=\"elementor-icon-list-icon\">\n\t\t\t\t\t\t\t<i aria-hidden=\"true\" class=\"lnr lnr-arrow-right\"><\/i>\t\t\t\t\t\t<\/span>\n\t\t\t\t\t\t\t\t\t\t<span class=\"elementor-icon-list-text\">Gaj (11.0 km, gravel, 4\/4\/M)<\/span>\n\t\t\t\t\t\t\t\t\t<\/li>\n\t\t\t\t\t\t\t\t<li class=\"elementor-icon-list-item\">\n\t\t\t\t\t\t\t\t\t\t\t<span class=\"elementor-icon-list-icon\">\n\t\t\t\t\t\t\t<i aria-hidden=\"true\" class=\"lnr lnr-arrow-right\"><\/i>\t\t\t\t\t\t<\/span>\n\t\t\t\t\t\t\t\t\t\t<span class=\"elementor-icon-list-text\">Wells (35.0 km, gravel, 3\/3\/M)<\/span>\n\t\t\t\t\t\t\t\t\t<\/li>\n\t\t\t\t\t\t\t\t<li class=\"elementor-icon-list-item\">\n\t\t\t\t\t\t\t\t\t\t\t<span class=\"elementor-icon-list-icon\">\n\t\t\t\t\t\t\t<i aria-hidden=\"true\" class=\"lnr lnr-arrow-right\"><\/i>\t\t\t\t\t\t<\/span>\n\t\t\t\t\t\t\t\t\t\t<span class=\"elementor-icon-list-text\">On the stone lace paths (19.1 km, gravel, 2\/2\/M)<\/span>\n\t\t\t\t\t\t\t\t\t<\/li>\n\t\t\t\t\t\t\t\t<li class=\"elementor-icon-list-item\">\n\t\t\t\t\t\t\t\t\t\t\t<span class=\"elementor-icon-list-icon\">\n\t\t\t\t\t\t\t<i aria-hidden=\"true\" class=\"lnr lnr-arrow-right\"><\/i>\t\t\t\t\t\t<\/span>\n\t\t\t\t\t\t\t\t\t\t<span class=\"elementor-icon-list-text\">Windmills (42.1 km, gravel, 5\/3\/H)<\/span>\n\t\t\t\t\t\t\t\t\t<\/li>\n\t\t\t\t\t\t\t\t<li class=\"elementor-icon-list-item\">\n\t\t\t\t\t\t\t\t\t\t\t<span class=\"elementor-icon-list-icon\">\n\t\t\t\t\t\t\t<i aria-hidden=\"true\" class=\"lnr lnr-arrow-right\"><\/i>\t\t\t\t\t\t<\/span>\n\t\t\t\t\t\t\t\t\t\t<span class=\"elementor-icon-list-text\">10 Villages (23.8 km, road, 2\/1\/E)<\/span>\n\t\t\t\t\t\t\t\t\t<\/li>\n\t\t\t\t\t\t\t\t<li class=\"elementor-icon-list-item\">\n\t\t\t\t\t\t\t\t\t\t\t<span class=\"elementor-icon-list-icon\">\n\t\t\t\t\t\t\t<i aria-hidden=\"true\" class=\"lnr lnr-arrow-right\"><\/i>\t\t\t\t\t\t<\/span>\n\t\t\t\t\t\t\t\t\t\t<span class=\"elementor-icon-list-text\">Jelinjak (22.5 km, gravel, 4\/3\/M)<\/span>\n\t\t\t\t\t\t\t\t\t<\/li>\n\t\t\t\t\t\t<\/ul>\n\t\t\t\t\t\t<\/div>\n\t\t\t\t<\/div>\n\t\t\t\t<div class=\"elementor-element elementor-element-09e5164 elementor-mobile-align-left elementor-invisible elementor-widget elementor-widget-button\" data-id=\"09e5164\" data-element_type=\"widget\" data-settings=\"{&quot;_animation&quot;:&quot;fadeInRight&quot;}\" data-widget_type=\"button.default\">\n\t\t\t\t<div class=\"elementor-widget-container\">\n\t\t\t\t\t\t\t\t\t<div class=\"elementor-button-wrapper\">\n\t\t\t\t\t<a class=\"elementor-button elementor-button-link elementor-size-sm\" href=\"https:\/\/www.bikeandhike.hr\/stranice\/biciklisticke-staze\/id\/4\/d\/32.html\">\n\t\t\t\t\t\t<span class=\"elementor-button-content-wrapper\">\n\t\t\t\t\t\t\t\t\t<span class=\"elementor-button-text\">All bicycle paths<\/span>\n\t\t\t\t\t<\/span>\n\t\t\t\t\t<\/a>\n\t\t\t\t<\/div>\n\t\t\t\t\t\t\t\t<\/div>\n\t\t\t\t<\/div>\n\t\t\t\t<\/div>\n\t\t\t\t<div class=\"elementor-element elementor-element-0f563ec elementor-absolute e-transform elementor-invisible elementor-widget elementor-widget-image\" data-id=\"0f563ec\" data-element_type=\"widget\" data-settings=\"{&quot;_position&quot;:&quot;absolute&quot;,&quot;_animation&quot;:&quot;fadeInLeft&quot;,&quot;_transform_rotateZ_effect&quot;:{&quot;unit&quot;:&quot;px&quot;,&quot;size&quot;:-9,&quot;sizes&quot;:[]},&quot;_transform_rotateZ_effect_tablet&quot;:{&quot;unit&quot;:&quot;deg&quot;,&quot;size&quot;:&quot;&quot;,&quot;sizes&quot;:[]},&quot;_transform_rotateZ_effect_mobile&quot;:{&quot;unit&quot;:&quot;deg&quot;,&quot;size&quot;:&quot;&quot;,&quot;sizes&quot;:[]}}\" data-widget_type=\"image.default\">\n\t\t\t\t<div class=\"elementor-widget-container\">\n\t\t\t\t\t\t\t\t\t\t\t\t\t\t\t<img fetchpriority=\"high\" decoding=\"async\" width=\"500\" height=\"493\" src=\"https:\/\/vila-propuh.com\/wp-content\/uploads\/2025\/03\/vila_propuh_maslina1.webp\" class=\"attachment-full size-full wp-image-1080\" alt=\"\" srcset=\"https:\/\/vila-propuh.com\/wp-content\/uploads\/2025\/03\/vila_propuh_maslina1.webp 500w, https:\/\/vila-propuh.com\/wp-content\/uploads\/2025\/03\/vila_propuh_maslina1-300x296.webp 300w\" sizes=\"(max-width: 500px) 100vw, 500px\" \/>\t\t\t\t\t\t\t\t\t\t\t\t\t\t\t<\/div>\n\t\t\t\t<\/div>\n\t\t\t\t\t<\/div>\n\t\t\t\t<\/div>\n\t\t<div class=\"elementor-element elementor-element-fb393cb e-flex e-con-boxed e-con e-parent\" data-id=\"fb393cb\" data-element_type=\"container\">\n\t\t\t\t\t<div class=\"e-con-inner\">\n\t\t\t\t<div class=\"elementor-element elementor-element-341c577 elementor-widget elementor-widget-html\" data-id=\"341c577\" data-element_type=\"widget\" data-widget_type=\"html.default\">\n\t\t\t\t<div class=\"elementor-widget-container\">\n\t\t\t\t\t<iframe src=\"https:\/\/www.google.com\/maps\/d\/embed?mid=1_PpN6-1MRvDeqzhSwQWoHpVQaiSO7vI&ehbc=2E312F\" width=\"100%\" height=\"500\"><\/iframe>\t\t\t\t<\/div>\n\t\t\t\t<\/div>\n\t\t\t\t\t<\/div>\n\t\t\t\t<\/div>\n\t\t\t\t<\/div>","protected":false},"excerpt":{"rendered":"<p>Pje\u0161a\u010dke i biciklisti\u010dke staze Pje\u0161a\u010dke staze \u010cipka u kamenu &#8211; brojni suhozidi u maslinicima i vinogradima autohtone sorte gro\u017e\u0111a babi\u0107a te kilometri ure\u0111enih, asfaltiranih i makadamskih puteva kroz dalmatinski kr\u0161 gdje mo\u017eete \u0161etati u prirodi s ljubimcima i djecom nailaze\u0107i na najljep\u0161e panorame u \u0160ibenskoj \u017eupaniji s pogledima na cijeli \u0161ibenski arhipelag ili primo\u0161tenske oto\u010di\u0107e. [&hellip;]<\/p>","protected":false},"author":1,"featured_media":0,"parent":0,"menu_order":0,"comment_status":"closed","ping_status":"closed","template":"","meta":{"footnotes":""},"class_list":["post-521","page","type-page","status-publish","hentry"],"yoast_head":"<!-- This site is optimized with the Yoast SEO plugin v26.8 - https:\/\/yoast.com\/product\/yoast-seo-wordpress\/ -->\n<title>Pje\u0161a\u010dke i biciklisti\u010dke staze - Vila Propuh<\/title>\n<meta name=\"robots\" content=\"index, follow, max-snippet:-1, max-image-preview:large, max-video-preview:-1\" \/>\n<link rel=\"canonical\" href=\"https:\/\/vila-propuh.com\/en\/pjesacke-i-biciklisticke-staze\/\" \/>\n<meta property=\"og:locale\" content=\"en_US\" \/>\n<meta property=\"og:type\" content=\"article\" \/>\n<meta property=\"og:title\" content=\"Pje\u0161a\u010dke i biciklisti\u010dke staze - Vila Propuh\" \/>\n<meta property=\"og:description\" content=\"Pje\u0161a\u010dke i biciklisti\u010dke staze Pje\u0161a\u010dke staze \u010cipka u kamenu &#8211; brojni suhozidi u maslinicima i vinogradima autohtone sorte gro\u017e\u0111a babi\u0107a te kilometri ure\u0111enih, asfaltiranih i makadamskih puteva kroz dalmatinski kr\u0161 gdje mo\u017eete \u0161etati u prirodi s ljubimcima i djecom nailaze\u0107i na najljep\u0161e panorame u \u0160ibenskoj \u017eupaniji s pogledima na cijeli \u0161ibenski arhipelag ili primo\u0161tenske oto\u010di\u0107e. [&hellip;]\" \/>\n<meta property=\"og:url\" content=\"https:\/\/vila-propuh.com\/en\/pjesacke-i-biciklisticke-staze\/\" \/>\n<meta property=\"og:site_name\" content=\"Vila Propuh\" \/>\n<meta property=\"article:publisher\" content=\"https:\/\/web.facebook.com\/people\/Vila-Propuh\/61573294095314\/\" \/>\n<meta property=\"article:modified_time\" content=\"2025-03-06T11:05:53+00:00\" \/>\n<meta property=\"og:image\" content=\"https:\/\/vila-propuh.com\/wp-content\/uploads\/2025\/03\/vila_propuh_maslina1.webp\" \/>\n\t<meta property=\"og:image:width\" content=\"500\" \/>\n\t<meta property=\"og:image:height\" content=\"493\" \/>\n\t<meta property=\"og:image:type\" content=\"image\/webp\" \/>\n<meta name=\"twitter:card\" content=\"summary_large_image\" \/>\n<meta name=\"twitter:label1\" content=\"Est. reading time\" \/>\n\t<meta name=\"twitter:data1\" content=\"1 minute\" \/>\n<script type=\"application\/ld+json\" class=\"yoast-schema-graph\">{\"@context\":\"https:\/\/schema.org\",\"@graph\":[{\"@type\":\"WebPage\",\"@id\":\"https:\/\/vila-propuh.com\/pjesacke-i-biciklisticke-staze\/\",\"url\":\"https:\/\/vila-propuh.com\/pjesacke-i-biciklisticke-staze\/\",\"name\":\"Pje\u0161a\u010dke i biciklisti\u010dke staze - Vila Propuh\",\"isPartOf\":{\"@id\":\"https:\/\/vila-propuh.com\/#website\"},\"primaryImageOfPage\":{\"@id\":\"https:\/\/vila-propuh.com\/pjesacke-i-biciklisticke-staze\/#primaryimage\"},\"image\":{\"@id\":\"https:\/\/vila-propuh.com\/pjesacke-i-biciklisticke-staze\/#primaryimage\"},\"thumbnailUrl\":\"https:\/\/vila-propuh.com\/wp-content\/uploads\/2025\/03\/vila_propuh_maslina1.webp\",\"datePublished\":\"2025-02-20T10:46:14+00:00\",\"dateModified\":\"2025-03-06T11:05:53+00:00\",\"breadcrumb\":{\"@id\":\"https:\/\/vila-propuh.com\/pjesacke-i-biciklisticke-staze\/#breadcrumb\"},\"inLanguage\":\"en-US\",\"potentialAction\":[{\"@type\":\"ReadAction\",\"target\":[\"https:\/\/vila-propuh.com\/pjesacke-i-biciklisticke-staze\/\"]}]},{\"@type\":\"ImageObject\",\"inLanguage\":\"en-US\",\"@id\":\"https:\/\/vila-propuh.com\/pjesacke-i-biciklisticke-staze\/#primaryimage\",\"url\":\"https:\/\/vila-propuh.com\/wp-content\/uploads\/2025\/03\/vila_propuh_maslina1.webp\",\"contentUrl\":\"https:\/\/vila-propuh.com\/wp-content\/uploads\/2025\/03\/vila_propuh_maslina1.webp\"},{\"@type\":\"BreadcrumbList\",\"@id\":\"https:\/\/vila-propuh.com\/pjesacke-i-biciklisticke-staze\/#breadcrumb\",\"itemListElement\":[{\"@type\":\"ListItem\",\"position\":1,\"name\":\"Home\",\"item\":\"https:\/\/vila-propuh.com\/\"},{\"@type\":\"ListItem\",\"position\":2,\"name\":\"Pje\u0161a\u010dke i biciklisti\u010dke staze\"}]},{\"@type\":\"WebSite\",\"@id\":\"https:\/\/vila-propuh.com\/#website\",\"url\":\"https:\/\/vila-propuh.com\/\",\"name\":\"Vila Propuh\",\"description\":\"Getaway with a sea breeze\",\"publisher\":{\"@id\":\"https:\/\/vila-propuh.com\/#organization\"},\"potentialAction\":[{\"@type\":\"SearchAction\",\"target\":{\"@type\":\"EntryPoint\",\"urlTemplate\":\"https:\/\/vila-propuh.com\/?s={search_term_string}\"},\"query-input\":{\"@type\":\"PropertyValueSpecification\",\"valueRequired\":true,\"valueName\":\"search_term_string\"}}],\"inLanguage\":\"en-US\"},{\"@type\":\"Organization\",\"@id\":\"https:\/\/vila-propuh.com\/#organization\",\"name\":\"Vila Propuh\",\"url\":\"https:\/\/vila-propuh.com\/\",\"logo\":{\"@type\":\"ImageObject\",\"inLanguage\":\"en-US\",\"@id\":\"https:\/\/vila-propuh.com\/#\/schema\/logo\/image\/\",\"url\":\"https:\/\/vila-propuh.com\/wp-content\/uploads\/2025\/02\/vila_propuh_logo_black.png\",\"contentUrl\":\"https:\/\/vila-propuh.com\/wp-content\/uploads\/2025\/02\/vila_propuh_logo_black.png\",\"width\":1500,\"height\":340,\"caption\":\"Vila Propuh\"},\"image\":{\"@id\":\"https:\/\/vila-propuh.com\/#\/schema\/logo\/image\/\"},\"sameAs\":[\"https:\/\/web.facebook.com\/people\/Vila-Propuh\/61573294095314\/\",\"https:\/\/www.instagram.com\/vila_propuh\"]}]}<\/script>\n<!-- \/ Yoast SEO plugin. -->","yoast_head_json":{"title":"Pje\u0161a\u010dke i biciklisti\u010dke staze - Vila Propuh","robots":{"index":"index","follow":"follow","max-snippet":"max-snippet:-1","max-image-preview":"max-image-preview:large","max-video-preview":"max-video-preview:-1"},"canonical":"https:\/\/vila-propuh.com\/en\/pjesacke-i-biciklisticke-staze\/","og_locale":"en_US","og_type":"article","og_title":"Pje\u0161a\u010dke i biciklisti\u010dke staze - Vila Propuh","og_description":"Pje\u0161a\u010dke i biciklisti\u010dke staze Pje\u0161a\u010dke staze \u010cipka u kamenu &#8211; brojni suhozidi u maslinicima i vinogradima autohtone sorte gro\u017e\u0111a babi\u0107a te kilometri ure\u0111enih, asfaltiranih i makadamskih puteva kroz dalmatinski kr\u0161 gdje mo\u017eete \u0161etati u prirodi s ljubimcima i djecom nailaze\u0107i na najljep\u0161e panorame u \u0160ibenskoj \u017eupaniji s pogledima na cijeli \u0161ibenski arhipelag ili primo\u0161tenske oto\u010di\u0107e. [&hellip;]","og_url":"https:\/\/vila-propuh.com\/en\/pjesacke-i-biciklisticke-staze\/","og_site_name":"Vila Propuh","article_publisher":"https:\/\/web.facebook.com\/people\/Vila-Propuh\/61573294095314\/","article_modified_time":"2025-03-06T11:05:53+00:00","og_image":[{"width":500,"height":493,"url":"https:\/\/vila-propuh.com\/wp-content\/uploads\/2025\/03\/vila_propuh_maslina1.webp","type":"image\/webp"}],"twitter_card":"summary_large_image","twitter_misc":{"Est. reading time":"1 minute"},"schema":{"@context":"https:\/\/schema.org","@graph":[{"@type":"WebPage","@id":"https:\/\/vila-propuh.com\/pjesacke-i-biciklisticke-staze\/","url":"https:\/\/vila-propuh.com\/pjesacke-i-biciklisticke-staze\/","name":"Pje\u0161a\u010dke i biciklisti\u010dke staze - Vila Propuh","isPartOf":{"@id":"https:\/\/vila-propuh.com\/#website"},"primaryImageOfPage":{"@id":"https:\/\/vila-propuh.com\/pjesacke-i-biciklisticke-staze\/#primaryimage"},"image":{"@id":"https:\/\/vila-propuh.com\/pjesacke-i-biciklisticke-staze\/#primaryimage"},"thumbnailUrl":"https:\/\/vila-propuh.com\/wp-content\/uploads\/2025\/03\/vila_propuh_maslina1.webp","datePublished":"2025-02-20T10:46:14+00:00","dateModified":"2025-03-06T11:05:53+00:00","breadcrumb":{"@id":"https:\/\/vila-propuh.com\/pjesacke-i-biciklisticke-staze\/#breadcrumb"},"inLanguage":"en-US","potentialAction":[{"@type":"ReadAction","target":["https:\/\/vila-propuh.com\/pjesacke-i-biciklisticke-staze\/"]}]},{"@type":"ImageObject","inLanguage":"en-US","@id":"https:\/\/vila-propuh.com\/pjesacke-i-biciklisticke-staze\/#primaryimage","url":"https:\/\/vila-propuh.com\/wp-content\/uploads\/2025\/03\/vila_propuh_maslina1.webp","contentUrl":"https:\/\/vila-propuh.com\/wp-content\/uploads\/2025\/03\/vila_propuh_maslina1.webp"},{"@type":"BreadcrumbList","@id":"https:\/\/vila-propuh.com\/pjesacke-i-biciklisticke-staze\/#breadcrumb","itemListElement":[{"@type":"ListItem","position":1,"name":"Home","item":"https:\/\/vila-propuh.com\/"},{"@type":"ListItem","position":2,"name":"Pje\u0161a\u010dke i biciklisti\u010dke staze"}]},{"@type":"WebSite","@id":"https:\/\/vila-propuh.com\/#website","url":"https:\/\/vila-propuh.com\/","name":"Villa Propuh","description":"Getaway with a sea breeze","publisher":{"@id":"https:\/\/vila-propuh.com\/#organization"},"potentialAction":[{"@type":"SearchAction","target":{"@type":"EntryPoint","urlTemplate":"https:\/\/vila-propuh.com\/?s={search_term_string}"},"query-input":{"@type":"PropertyValueSpecification","valueRequired":true,"valueName":"search_term_string"}}],"inLanguage":"en-US"},{"@type":"Organization","@id":"https:\/\/vila-propuh.com\/#organization","name":"Villa Propuh","url":"https:\/\/vila-propuh.com\/","logo":{"@type":"ImageObject","inLanguage":"en-US","@id":"https:\/\/vila-propuh.com\/#\/schema\/logo\/image\/","url":"https:\/\/vila-propuh.com\/wp-content\/uploads\/2025\/02\/vila_propuh_logo_black.png","contentUrl":"https:\/\/vila-propuh.com\/wp-content\/uploads\/2025\/02\/vila_propuh_logo_black.png","width":1500,"height":340,"caption":"Vila Propuh"},"image":{"@id":"https:\/\/vila-propuh.com\/#\/schema\/logo\/image\/"},"sameAs":["https:\/\/web.facebook.com\/people\/Vila-Propuh\/61573294095314\/","https:\/\/www.instagram.com\/vila_propuh"]}]}},"_links":{"self":[{"href":"https:\/\/vila-propuh.com\/en\/wp-json\/wp\/v2\/pages\/521","targetHints":{"allow":["GET"]}}],"collection":[{"href":"https:\/\/vila-propuh.com\/en\/wp-json\/wp\/v2\/pages"}],"about":[{"href":"https:\/\/vila-propuh.com\/en\/wp-json\/wp\/v2\/types\/page"}],"author":[{"embeddable":true,"href":"https:\/\/vila-propuh.com\/en\/wp-json\/wp\/v2\/users\/1"}],"replies":[{"embeddable":true,"href":"https:\/\/vila-propuh.com\/en\/wp-json\/wp\/v2\/comments?post=521"}],"version-history":[{"count":52,"href":"https:\/\/vila-propuh.com\/en\/wp-json\/wp\/v2\/pages\/521\/revisions"}],"predecessor-version":[{"id":1172,"href":"https:\/\/vila-propuh.com\/en\/wp-json\/wp\/v2\/pages\/521\/revisions\/1172"}],"wp:attachment":[{"href":"https:\/\/vila-propuh.com\/en\/wp-json\/wp\/v2\/media?parent=521"}],"curies":[{"name":"wp","href":"https:\/\/api.w.org\/{rel}","templated":true}]}}