{"id":370,"date":"2025-02-20T07:38:34","date_gmt":"2025-02-20T07:38:34","guid":{"rendered":"https:\/\/vila-propuh.com\/?page_id=370"},"modified":"2025-02-25T08:07:37","modified_gmt":"2025-02-25T08:07:37","slug":"kontakt","status":"publish","type":"page","link":"https:\/\/vila-propuh.com\/en\/kontakt\/","title":{"rendered":"Contact"},"content":{"rendered":"<div data-elementor-type=\"wp-page\" data-elementor-id=\"370\" class=\"elementor elementor-370\" data-elementor-post-type=\"page\">\n\t\t\t\t<div class=\"elementor-element elementor-element-e5cad1f e-flex e-con-boxed e-con e-parent\" data-id=\"e5cad1f\" data-element_type=\"container\" data-settings=\"{&quot;background_background&quot;:&quot;classic&quot;}\">\n\t\t\t\t\t<div class=\"e-con-inner\">\n\t\t\t\t<div class=\"elementor-element elementor-element-ce86d7f elementor-invisible elementor-widget elementor-widget-heading\" data-id=\"ce86d7f\" data-element_type=\"widget\" data-settings=\"{&quot;_animation&quot;:&quot;fadeInUp&quot;}\" data-widget_type=\"heading.default\">\n\t\t\t\t<div class=\"elementor-widget-container\">\n\t\t\t\t\t<h2 class=\"elementor-heading-title elementor-size-default\">Contact<\/h2>\t\t\t\t<\/div>\n\t\t\t\t<\/div>\n\t\t\t\t\t<\/div>\n\t\t\t\t<\/div>\n\t\t<div class=\"elementor-element elementor-element-324c075 e-flex e-con-boxed e-con e-parent\" data-id=\"324c075\" data-element_type=\"container\" data-settings=\"{&quot;background_background&quot;:&quot;classic&quot;}\">\n\t\t\t\t\t<div class=\"e-con-inner\">\n\t\t<div class=\"elementor-element elementor-element-f73fbb5 e-con-full e-flex e-con e-child\" data-id=\"f73fbb5\" data-element_type=\"container\">\n\t\t\t\t<div class=\"elementor-element elementor-element-e9dd3d8 elementor-invisible elementor-widget elementor-widget-heading\" data-id=\"e9dd3d8\" data-element_type=\"widget\" data-settings=\"{&quot;_animation&quot;:&quot;fadeInLeft&quot;}\" data-widget_type=\"heading.default\">\n\t\t\t\t<div class=\"elementor-widget-container\">\n\t\t\t\t\t<h3 class=\"elementor-heading-title elementor-size-default\">Contact us<\/h3>\t\t\t\t<\/div>\n\t\t\t\t<\/div>\n\t\t\t\t<div class=\"elementor-element elementor-element-dfd0f52 elementor-invisible elementor-widget elementor-widget-text-editor\" data-id=\"dfd0f52\" data-element_type=\"widget\" data-settings=\"{&quot;_animation&quot;:&quot;fadeInLeft&quot;}\" data-widget_type=\"text-editor.default\">\n\t\t\t\t<div class=\"elementor-widget-container\">\n\t\t\t\t\t\t\t\t\t<p class=\"cvGsUA direction-ltr align-start para-style-body\">For any inquiries and information, we are at your disposal.<\/p>\t\t\t\t\t\t\t\t<\/div>\n\t\t\t\t<\/div>\n\t\t\t\t<div class=\"elementor-element elementor-element-0663255 elementor-view-framed elementor-shape-square elementor-position-inline-start elementor-mobile-position-inline-start elementor-invisible elementor-widget elementor-widget-icon-box\" data-id=\"0663255\" data-element_type=\"widget\" data-settings=\"{&quot;_animation&quot;:&quot;fadeInLeft&quot;}\" data-widget_type=\"icon-box.default\">\n\t\t\t\t<div class=\"elementor-widget-container\">\n\t\t\t\t\t\t\t<div class=\"elementor-icon-box-wrapper\">\n\n\t\t\t\t\t\t<div class=\"elementor-icon-box-icon\">\n\t\t\t\t<a href=\"https:\/\/g.co\/kgs\/7pJKeL3\" class=\"elementor-icon\" tabindex=\"-1\" aria-label=\"Address\">\n\t\t\t\t<i aria-hidden=\"true\" class=\"lnr lnr-map-marker\"><\/i>\t\t\t\t<\/a>\n\t\t\t<\/div>\n\t\t\t\n\t\t\t\t\t\t<div class=\"elementor-icon-box-content\">\n\n\t\t\t\t\t\t\t\t\t<h4 class=\"elementor-icon-box-title\">\n\t\t\t\t\t\t<a href=\"https:\/\/g.co\/kgs\/7pJKeL3\" >\n\t\t\t\t\t\t\tAddress\t\t\t\t\t\t<\/a>\n\t\t\t\t\t<\/h4>\n\t\t\t\t\n\t\t\t\t\t\t\t\t\t<p class=\"elementor-icon-box-description\">\n\t\t\t\t\t\tPodgreben Baba\u010di\u0107i 13, 22202 Primo\u0161ten Burnji\t\t\t\t\t<\/p>\n\t\t\t\t\n\t\t\t<\/div>\n\t\t\t\n\t\t<\/div>\n\t\t\t\t\t\t<\/div>\n\t\t\t\t<\/div>\n\t\t\t\t<div class=\"elementor-element elementor-element-e1b0f38 elementor-view-framed elementor-shape-square elementor-position-inline-start elementor-mobile-position-inline-start elementor-invisible elementor-widget elementor-widget-icon-box\" data-id=\"e1b0f38\" data-element_type=\"widget\" data-settings=\"{&quot;_animation&quot;:&quot;fadeInLeft&quot;,&quot;_animation_delay&quot;:200}\" data-widget_type=\"icon-box.default\">\n\t\t\t\t<div class=\"elementor-widget-container\">\n\t\t\t\t\t\t\t<div class=\"elementor-icon-box-wrapper\">\n\n\t\t\t\t\t\t<div class=\"elementor-icon-box-icon\">\n\t\t\t\t<a href=\"mailto:info@vila-propuh.com\" class=\"elementor-icon\" tabindex=\"-1\" aria-label=\"Email\">\n\t\t\t\t<i aria-hidden=\"true\" class=\"lnr lnr-envelope\"><\/i>\t\t\t\t<\/a>\n\t\t\t<\/div>\n\t\t\t\n\t\t\t\t\t\t<div class=\"elementor-icon-box-content\">\n\n\t\t\t\t\t\t\t\t\t<h4 class=\"elementor-icon-box-title\">\n\t\t\t\t\t\t<a href=\"mailto:info@vila-propuh.com\" >\n\t\t\t\t\t\t\tEmail\t\t\t\t\t\t<\/a>\n\t\t\t\t\t<\/h4>\n\t\t\t\t\n\t\t\t\t\t\t\t\t\t<p class=\"elementor-icon-box-description\">\n\t\t\t\t\t\tinfo@vila-propuh.com\t\t\t\t\t<\/p>\n\t\t\t\t\n\t\t\t<\/div>\n\t\t\t\n\t\t<\/div>\n\t\t\t\t\t\t<\/div>\n\t\t\t\t<\/div>\n\t\t\t\t<div class=\"elementor-element elementor-element-d3e93a3 elementor-view-framed elementor-shape-square elementor-position-inline-start elementor-mobile-position-inline-start elementor-invisible elementor-widget elementor-widget-icon-box\" data-id=\"d3e93a3\" data-element_type=\"widget\" data-settings=\"{&quot;_animation&quot;:&quot;fadeInLeft&quot;,&quot;_animation_delay&quot;:400}\" data-widget_type=\"icon-box.default\">\n\t\t\t\t<div class=\"elementor-widget-container\">\n\t\t\t\t\t\t\t<div class=\"elementor-icon-box-wrapper\">\n\n\t\t\t\t\t\t<div class=\"elementor-icon-box-icon\">\n\t\t\t\t<a href=\"tel:+385%2098%20554%20507\" class=\"elementor-icon\" tabindex=\"-1\" aria-label=\"Phone\">\n\t\t\t\t<i aria-hidden=\"true\" class=\"lnr lnr-phone-handset\"><\/i>\t\t\t\t<\/a>\n\t\t\t<\/div>\n\t\t\t\n\t\t\t\t\t\t<div class=\"elementor-icon-box-content\">\n\n\t\t\t\t\t\t\t\t\t<h4 class=\"elementor-icon-box-title\">\n\t\t\t\t\t\t<a href=\"tel:+385%2098%20554%20507\" >\n\t\t\t\t\t\t\tPhone\t\t\t\t\t\t<\/a>\n\t\t\t\t\t<\/h4>\n\t\t\t\t\n\t\t\t\t\t\t\t\t\t<p class=\"elementor-icon-box-description\">\n\t\t\t\t\t\t+385 98 554 507\t\t\t\t\t<\/p>\n\t\t\t\t\n\t\t\t<\/div>\n\t\t\t\n\t\t<\/div>\n\t\t\t\t\t\t<\/div>\n\t\t\t\t<\/div>\n\t\t\t\t<\/div>\n\t\t<div class=\"elementor-element elementor-element-89d6549 e-con-full e-flex elementor-invisible e-con e-child\" data-id=\"89d6549\" data-element_type=\"container\" data-settings=\"{&quot;background_background&quot;:&quot;classic&quot;,&quot;animation&quot;:&quot;fadeInRight&quot;,&quot;animation_delay&quot;:200}\">\n\t\t\t\t<div class=\"elementor-element elementor-element-7ea4c23 elementor-button-align-start elementor-widget elementor-widget-form\" data-id=\"7ea4c23\" data-element_type=\"widget\" data-settings=\"{&quot;step_next_label&quot;:&quot;Next&quot;,&quot;step_previous_label&quot;:&quot;Previous&quot;,&quot;button_width&quot;:&quot;100&quot;,&quot;step_type&quot;:&quot;number_text&quot;,&quot;step_icon_shape&quot;:&quot;circle&quot;}\" data-widget_type=\"form.default\">\n\t\t\t\t<div class=\"elementor-widget-container\">\n\t\t\t\t\t\t\t<form class=\"elementor-form\" method=\"post\" name=\"Kontakr obrazac\" aria-label=\"Kontakr obrazac\" action=\"\">\n\t\t\t<input type=\"hidden\" name=\"post_id\" value=\"370\"\/>\n\t\t\t<input type=\"hidden\" name=\"form_id\" value=\"7ea4c23\"\/>\n\t\t\t<input type=\"hidden\" name=\"referer_title\" value=\"Kontakt - Vila Propuh\" \/>\n\n\t\t\t\t\t\t\t<input type=\"hidden\" name=\"queried_id\" value=\"370\"\/>\n\t\t\t\n\t\t\t<div class=\"elementor-form-fields-wrapper elementor-labels-above\">\n\t\t\t\t\t\t\t\t<div class=\"elementor-field-type-text elementor-field-group elementor-column elementor-field-group-name elementor-col-100\">\n\t\t\t\t\t\t\t\t\t\t\t\t<label for=\"form-field-name\" class=\"elementor-field-label\">\n\t\t\t\t\t\t\t\tName\t\t\t\t\t\t\t<\/label>\n\t\t\t\t\t\t\t\t\t\t\t\t\t\t<input size=\"1\" type=\"text\" name=\"form_fields[name]\" id=\"form-field-name\" class=\"elementor-field elementor-size-sm  elementor-field-textual\">\n\t\t\t\t\t\t\t\t\t\t\t<\/div>\n\t\t\t\t\t\t\t\t<div class=\"elementor-field-type-email elementor-field-group elementor-column elementor-field-group-email elementor-col-100 elementor-field-required\">\n\t\t\t\t\t\t\t\t\t\t\t\t<label for=\"form-field-email\" class=\"elementor-field-label\">\n\t\t\t\t\t\t\t\tEmail\t\t\t\t\t\t\t<\/label>\n\t\t\t\t\t\t\t\t\t\t\t\t\t\t<input size=\"1\" type=\"email\" name=\"form_fields[email]\" id=\"form-field-email\" class=\"elementor-field elementor-size-sm  elementor-field-textual\" required=\"required\">\n\t\t\t\t\t\t\t\t\t\t\t<\/div>\n\t\t\t\t\t\t\t\t<div class=\"elementor-field-type-textarea elementor-field-group elementor-column elementor-field-group-message elementor-col-100 elementor-field-required\">\n\t\t\t\t\t\t\t\t\t\t\t\t<label for=\"form-field-message\" class=\"elementor-field-label\">\n\t\t\t\t\t\t\t\tMessage\t\t\t\t\t\t\t<\/label>\n\t\t\t\t\t\t<textarea class=\"elementor-field-textual elementor-field  elementor-size-sm\" name=\"form_fields[message]\" id=\"form-field-message\" rows=\"4\" required=\"required\"><\/textarea>\t\t\t\t<\/div>\n\t\t\t\t\t\t\t\t<div class=\"elementor-field-type-recaptcha_v3 elementor-field-group elementor-column elementor-field-group-field_127d4d5 elementor-col-100 recaptcha_v3-bottomright\">\n\t\t\t\t\t<div class=\"elementor-field\" id=\"form-field-field_127d4d5\"><div class=\"elementor-g-recaptcha\" data-sitekey=\"6Lc7L-QqAAAAADqL9ectKdAS5sMnDNXRdsFQvFfJ\" data-type=\"v3\" data-action=\"Form\" data-badge=\"bottomright\" data-size=\"invisible\"><\/div><\/div>\t\t\t\t<\/div>\n\t\t\t\t\t\t\t\t<div class=\"elementor-field-group elementor-column elementor-field-type-submit elementor-col-100 e-form__buttons\">\n\t\t\t\t\t<button class=\"elementor-button elementor-size-sm\" type=\"submit\">\n\t\t\t\t\t\t<span class=\"elementor-button-content-wrapper\">\n\t\t\t\t\t\t\t\t\t\t\t\t\t\t\t\t\t\t\t\t\t\t<span class=\"elementor-button-text\">Send<\/span>\n\t\t\t\t\t\t\t\t\t\t\t\t\t<\/span>\n\t\t\t\t\t<\/button>\n\t\t\t\t<\/div>\n\t\t\t<\/div>\n\t\t<input type=\"hidden\" name=\"trp-form-language\" value=\"en\"\/><\/form>\n\t\t\t\t\t\t<\/div>\n\t\t\t\t<\/div>\n\t\t\t\t<\/div>\n\t\t\t\t\t<\/div>\n\t\t\t\t<\/div>\n\t\t<div class=\"elementor-element elementor-element-23f4c8b e-con-full e-flex e-con e-parent\" data-id=\"23f4c8b\" data-element_type=\"container\">\n\t\t\t\t<div class=\"elementor-element elementor-element-4333098 elementor-invisible elementor-widget elementor-widget-google_maps\" data-id=\"4333098\" data-element_type=\"widget\" data-settings=\"{&quot;_animation&quot;:&quot;fadeInUp&quot;}\" data-widget_type=\"google_maps.default\">\n\t\t\t\t<div class=\"elementor-widget-container\">\n\t\t\t\t\t\t\t<div class=\"elementor-custom-embed\">\n\t\t\t<iframe loading=\"lazy\"\n\t\t\t\t\tsrc=\"https:\/\/maps.google.com\/maps?q=Podgreben%20Baba%C4%8Di%C4%87i%2013%2C%2022202%20Primo%C5%A1ten%20Burnji&#038;t=m&#038;z=11&#038;output=embed&#038;iwloc=near\"\n\t\t\t\t\ttitle=\"Podgreben Baba\u010di\u0107i 13, 22202 Primo\u0161ten Burnji\"\n\t\t\t\t\taria-label=\"Podgreben Baba\u010di\u0107i 13, 22202 Primo\u0161ten Burnji\"\n\t\t\t><\/iframe>\n\t\t<\/div>\n\t\t\t\t\t\t<\/div>\n\t\t\t\t<\/div>\n\t\t\t\t<\/div>\n\t\t\t\t<\/div>","protected":false},"excerpt":{"rendered":"<p>Kontakt Kontaktiraj nas Za sve upite i informacije stojimo na raspoalaganju. Adresa Podgreben Baba\u010di\u0107i 13, 22202 Primo\u0161ten Burnji Email info@vila-propuh.com Telefon +385 98 554 507<\/p>","protected":false},"author":1,"featured_media":0,"parent":0,"menu_order":0,"comment_status":"closed","ping_status":"closed","template":"","meta":{"footnotes":""},"class_list":["post-370","page","type-page","status-publish","hentry"],"yoast_head":"<!-- This site is optimized with the Yoast SEO plugin v26.8 - https:\/\/yoast.com\/product\/yoast-seo-wordpress\/ -->\n<title>Kontakt - Vila Propuh<\/title>\n<meta name=\"robots\" content=\"index, follow, max-snippet:-1, max-image-preview:large, max-video-preview:-1\" \/>\n<link rel=\"canonical\" href=\"https:\/\/vila-propuh.com\/en\/kontakt\/\" \/>\n<meta property=\"og:locale\" content=\"en_US\" \/>\n<meta property=\"og:type\" content=\"article\" \/>\n<meta property=\"og:title\" content=\"Kontakt - Vila Propuh\" \/>\n<meta property=\"og:description\" content=\"Kontakt Kontaktiraj nas Za sve upite i informacije stojimo na raspoalaganju. Adresa Podgreben Baba\u010di\u0107i 13, 22202 Primo\u0161ten Burnji Email info@vila-propuh.com Telefon +385 98 554 507\" \/>\n<meta property=\"og:url\" content=\"https:\/\/vila-propuh.com\/en\/kontakt\/\" \/>\n<meta property=\"og:site_name\" content=\"Vila Propuh\" \/>\n<meta property=\"article:publisher\" content=\"https:\/\/web.facebook.com\/people\/Vila-Propuh\/61573294095314\/\" \/>\n<meta property=\"article:modified_time\" content=\"2025-02-25T08:07:37+00:00\" \/>\n<meta name=\"twitter:card\" content=\"summary_large_image\" \/>\n<script type=\"application\/ld+json\" class=\"yoast-schema-graph\">{\"@context\":\"https:\/\/schema.org\",\"@graph\":[{\"@type\":\"WebPage\",\"@id\":\"https:\/\/vila-propuh.com\/kontakt\/\",\"url\":\"https:\/\/vila-propuh.com\/kontakt\/\",\"name\":\"Kontakt - Vila Propuh\",\"isPartOf\":{\"@id\":\"https:\/\/vila-propuh.com\/#website\"},\"datePublished\":\"2025-02-20T07:38:34+00:00\",\"dateModified\":\"2025-02-25T08:07:37+00:00\",\"breadcrumb\":{\"@id\":\"https:\/\/vila-propuh.com\/kontakt\/#breadcrumb\"},\"inLanguage\":\"en-US\",\"potentialAction\":[{\"@type\":\"ReadAction\",\"target\":[\"https:\/\/vila-propuh.com\/kontakt\/\"]}]},{\"@type\":\"BreadcrumbList\",\"@id\":\"https:\/\/vila-propuh.com\/kontakt\/#breadcrumb\",\"itemListElement\":[{\"@type\":\"ListItem\",\"position\":1,\"name\":\"Home\",\"item\":\"https:\/\/vila-propuh.com\/\"},{\"@type\":\"ListItem\",\"position\":2,\"name\":\"Kontakt\"}]},{\"@type\":\"WebSite\",\"@id\":\"https:\/\/vila-propuh.com\/#website\",\"url\":\"https:\/\/vila-propuh.com\/\",\"name\":\"Vila Propuh\",\"description\":\"Getaway with a sea breeze\",\"publisher\":{\"@id\":\"https:\/\/vila-propuh.com\/#organization\"},\"potentialAction\":[{\"@type\":\"SearchAction\",\"target\":{\"@type\":\"EntryPoint\",\"urlTemplate\":\"https:\/\/vila-propuh.com\/?s={search_term_string}\"},\"query-input\":{\"@type\":\"PropertyValueSpecification\",\"valueRequired\":true,\"valueName\":\"search_term_string\"}}],\"inLanguage\":\"en-US\"},{\"@type\":\"Organization\",\"@id\":\"https:\/\/vila-propuh.com\/#organization\",\"name\":\"Vila Propuh\",\"url\":\"https:\/\/vila-propuh.com\/\",\"logo\":{\"@type\":\"ImageObject\",\"inLanguage\":\"en-US\",\"@id\":\"https:\/\/vila-propuh.com\/#\/schema\/logo\/image\/\",\"url\":\"https:\/\/vila-propuh.com\/wp-content\/uploads\/2025\/02\/vila_propuh_logo_black.png\",\"contentUrl\":\"https:\/\/vila-propuh.com\/wp-content\/uploads\/2025\/02\/vila_propuh_logo_black.png\",\"width\":1500,\"height\":340,\"caption\":\"Vila Propuh\"},\"image\":{\"@id\":\"https:\/\/vila-propuh.com\/#\/schema\/logo\/image\/\"},\"sameAs\":[\"https:\/\/web.facebook.com\/people\/Vila-Propuh\/61573294095314\/\",\"https:\/\/www.instagram.com\/vila_propuh\"]}]}<\/script>\n<!-- \/ Yoast SEO plugin. -->","yoast_head_json":{"title":"Kontakt - Vila Propuh","robots":{"index":"index","follow":"follow","max-snippet":"max-snippet:-1","max-image-preview":"max-image-preview:large","max-video-preview":"max-video-preview:-1"},"canonical":"https:\/\/vila-propuh.com\/en\/kontakt\/","og_locale":"en_US","og_type":"article","og_title":"Kontakt - Vila Propuh","og_description":"Kontakt Kontaktiraj nas Za sve upite i informacije stojimo na raspoalaganju. Adresa Podgreben Baba\u010di\u0107i 13, 22202 Primo\u0161ten Burnji Email info@vila-propuh.com Telefon +385 98 554 507","og_url":"https:\/\/vila-propuh.com\/en\/kontakt\/","og_site_name":"Vila Propuh","article_publisher":"https:\/\/web.facebook.com\/people\/Vila-Propuh\/61573294095314\/","article_modified_time":"2025-02-25T08:07:37+00:00","twitter_card":"summary_large_image","schema":{"@context":"https:\/\/schema.org","@graph":[{"@type":"WebPage","@id":"https:\/\/vila-propuh.com\/kontakt\/","url":"https:\/\/vila-propuh.com\/kontakt\/","name":"Kontakt - Vila Propuh","isPartOf":{"@id":"https:\/\/vila-propuh.com\/#website"},"datePublished":"2025-02-20T07:38:34+00:00","dateModified":"2025-02-25T08:07:37+00:00","breadcrumb":{"@id":"https:\/\/vila-propuh.com\/kontakt\/#breadcrumb"},"inLanguage":"en-US","potentialAction":[{"@type":"ReadAction","target":["https:\/\/vila-propuh.com\/kontakt\/"]}]},{"@type":"BreadcrumbList","@id":"https:\/\/vila-propuh.com\/kontakt\/#breadcrumb","itemListElement":[{"@type":"ListItem","position":1,"name":"Home","item":"https:\/\/vila-propuh.com\/"},{"@type":"ListItem","position":2,"name":"Kontakt"}]},{"@type":"WebSite","@id":"https:\/\/vila-propuh.com\/#website","url":"https:\/\/vila-propuh.com\/","name":"Villa Propuh","description":"Getaway with a sea breeze","publisher":{"@id":"https:\/\/vila-propuh.com\/#organization"},"potentialAction":[{"@type":"SearchAction","target":{"@type":"EntryPoint","urlTemplate":"https:\/\/vila-propuh.com\/?s={search_term_string}"},"query-input":{"@type":"PropertyValueSpecification","valueRequired":true,"valueName":"search_term_string"}}],"inLanguage":"en-US"},{"@type":"Organization","@id":"https:\/\/vila-propuh.com\/#organization","name":"Villa Propuh","url":"https:\/\/vila-propuh.com\/","logo":{"@type":"ImageObject","inLanguage":"en-US","@id":"https:\/\/vila-propuh.com\/#\/schema\/logo\/image\/","url":"https:\/\/vila-propuh.com\/wp-content\/uploads\/2025\/02\/vila_propuh_logo_black.png","contentUrl":"https:\/\/vila-propuh.com\/wp-content\/uploads\/2025\/02\/vila_propuh_logo_black.png","width":1500,"height":340,"caption":"Vila Propuh"},"image":{"@id":"https:\/\/vila-propuh.com\/#\/schema\/logo\/image\/"},"sameAs":["https:\/\/web.facebook.com\/people\/Vila-Propuh\/61573294095314\/","https:\/\/www.instagram.com\/vila_propuh"]}]}},"_links":{"self":[{"href":"https:\/\/vila-propuh.com\/en\/wp-json\/wp\/v2\/pages\/370","targetHints":{"allow":["GET"]}}],"collection":[{"href":"https:\/\/vila-propuh.com\/en\/wp-json\/wp\/v2\/pages"}],"about":[{"href":"https:\/\/vila-propuh.com\/en\/wp-json\/wp\/v2\/types\/page"}],"author":[{"embeddable":true,"href":"https:\/\/vila-propuh.com\/en\/wp-json\/wp\/v2\/users\/1"}],"replies":[{"embeddable":true,"href":"https:\/\/vila-propuh.com\/en\/wp-json\/wp\/v2\/comments?post=370"}],"version-history":[{"count":67,"href":"https:\/\/vila-propuh.com\/en\/wp-json\/wp\/v2\/pages\/370\/revisions"}],"predecessor-version":[{"id":791,"href":"https:\/\/vila-propuh.com\/en\/wp-json\/wp\/v2\/pages\/370\/revisions\/791"}],"wp:attachment":[{"href":"https:\/\/vila-propuh.com\/en\/wp-json\/wp\/v2\/media?parent=370"}],"curies":[{"name":"wp","href":"https:\/\/api.w.org\/{rel}","templated":true}]}}